{"id":78,"date":"2016-02-18T15:10:52","date_gmt":"2016-02-18T14:10:52","guid":{"rendered":"http:\/\/flatsome.dev\/?page_id=4041"},"modified":"2025-05-26T19:48:52","modified_gmt":"2025-05-26T17:48:52","slug":"home","status":"publish","type":"page","link":"https:\/\/rhinojewel.com\/it\/","title":{"rendered":"Home"},"content":{"rendered":"<div class=\"banner has-hover has-video is-full-height\" id=\"banner-184979845\">\n          <div class=\"banner-inner fill\">\n        <div class=\"banner-bg fill\" >\n            <div class=\"bg fill bg-fill bg-loaded\"><\/div>\n            \t<div class=\"video-overlay no-click fill visible\"><\/div>\n\t<video class=\"video-bg fill visible\" preload playsinline autoplay muted loop>\n\t\t<source src=\"https:\/\/rhinojewel.com\/wp-content\/uploads\/2023\/03\/Anillo_corto_1920x800.mp4\" type=\"video\/mp4\">\t<\/video>\n            <div class=\"overlay\"><\/div>            \n                    <\/div>\n\t\t\n        <div class=\"banner-layers container\">\n            <div class=\"fill banner-link\"><\/div>            \n\n   <div id=\"text-box-634235849\" class=\"text-box banner-layer x90 md-x90 lg-x90 y50 md-y50 lg-y50 res-text\">\n                                <div class=\"text-box-content text dark\">\n              \n              <div class=\"text-inner text-center\">\n                  \n\n\t<div id=\"text-3601917318\" class=\"text\">\n\t\t\n\n<h4><span style=\"color: #cccbcb;\">Rhino<\/span><span style=\"color: #f8c731;\">jewel 8.0<\/span><\/h4>\n<h3 class=\"uppercase\">IMMAGINATE, CREATE<br>E VISUALIZZATE I VOSTRI GIOIELLI.<\/h3>\n<p>Trasforma Rhino in uno strumento potente per creare gioielli con Rhinojewel. Aggiungi pietre preziose e materiali gemmologici, crea pav\u00e9 e texture precise, genera immagini e video per i tuoi social media. Rhinojewel moltiplica la potenza di Rhino, consentendoti di creare design di gioielli sorprendenti con facilit\u00e0 e fluidit\u00e0.<\/p>\n\t\t\n<style>\n#text-3601917318 {\n  font-size: 0.9rem;\n  text-align: right;\n}\n@media (min-width:550px) {\n  #text-3601917318 {\n    font-size: 1.2rem;\n    text-align: left;\n  }\n}\n<\/style>\n\t<\/div>\n\t\n<a href=\"https:\/\/rhinojewel.com\/it\/my-account\/\" target=\"_self\" class=\"button primary box-shadow-5 box-shadow-5-hover lowercase\"  style=\"border-radius:14px;padding:0px 10px 0px 10px;\">\n    <span>Scarica prova di 30 giorni<\/span>\n  <\/a>\n\n\n\n              <\/div>\n           <\/div>\n                            \n<style>\n#text-box-634235849 {\n  width: 60%;\n}\n#text-box-634235849 .text-box-content {\n  font-size: 100%;\n}\n@media (min-width:550px) {\n  #text-box-634235849 {\n    width: 40%;\n  }\n}\n<\/style>\n    <\/div>\n \n\n        <\/div>\n      <\/div>\n\n            \n<style>\n#banner-184979845 {\n  padding-top: 100%;\n}\n#banner-184979845 .overlay {\n  background-color: rgba(0, 0, 0, 0.31);\n}\n#banner-184979845 .ux-shape-divider--top svg {\n  height: 150px;\n  --divider-top-width: 100%;\n}\n#banner-184979845 .ux-shape-divider--bottom svg {\n  height: 150px;\n  --divider-width: 100%;\n}\n<\/style>\n  <\/div>\n\n\n<div class=\"slider-wrapper relative\" id=\"slider-91512359\" >\n    <div class=\"slider slider-nav-circle slider-nav-large slider-nav-light slider-style-normal\"\n        data-flickity-options='{            \"cellAlign\": \"center\",            \"imagesLoaded\": true,            \"lazyLoad\": 1,            \"freeScroll\": false,            \"wrapAround\": true,            \"autoPlay\": 6000,            \"pauseAutoPlayOnHover\" : true,            \"prevNextButtons\": true,            \"contain\" : true,            \"adaptiveHeight\" : true,            \"dragThreshold\" : 10,            \"percentPosition\": true,            \"pageDots\": true,            \"rightToLeft\": false,            \"draggable\": true,            \"selectedAttraction\": 0.1,            \"parallax\" : 0,            \"friction\": 0.6        }'\n        >\n        \n\n\n     <\/div>\n\n     <div class=\"loading-spin dark large centered\"><\/div>\n\n     \t<\/div>\n\n\n<div class=\"row row-collapse row-full-width align-middle align-center\"  id=\"row-608416632\">\n\n\n\t<div id=\"col-1805895905\" class=\"col medium-12 small-12 large-5\"  >\n\t\t\t\t<div class=\"col-inner text-left\"  >\n\t\t\t\n\t\t\t\n\n\t<div id=\"text-1524705927\" class=\"text\">\n\t\t\n\n<h3><span style=\"color: grey;\">Rhino<\/span>jewel 8.0<\/h3>\n\t\t\n<style>\n#text-1524705927 {\n  font-size: 2rem;\n  line-height: 1;\n  color: rgb(248, 199, 49);\n}\n#text-1524705927 > * {\n  color: rgb(248, 199, 49);\n}\n@media (min-width:550px) {\n  #text-1524705927 {\n    font-size: 2.15rem;\n  }\n}\n<\/style>\n\t<\/div>\n\t\n<div class=\"is-divider divider clearfix\" style=\"max-width:80px;background-color:rgb(39, 54, 71);\"><\/div>\n\n\t<div id=\"text-1371157438\" class=\"text\">\n\t\t\n\n<p>\nDal 2000, Techjewel, l'azienda che ha sviluppato Rhinojewel, si prefigge di fornire tecnologia a gioiellieri interessati a creare i propri disegni 3D, seguendo la politica di prezzi accessibili di Rhino.\n<\/p>\n\t\t\n<style>\n#text-1371157438 {\n  text-align: left;\n  color: rgb(57, 53, 53);\n}\n#text-1371157438 > * {\n  color: rgb(57, 53, 53);\n}\n<\/style>\n\t<\/div>\n\t\n<a href=\"https:\/\/rhinojewel.com\/it\/my-account\/\" target=\"_self\" class=\"button primary box-shadow-5-hover lowercase expand\"  style=\"border-radius:14px;\">\n    <span>Scarica prova di 30 giorni<\/span>\n  <i class=\"icon-angle-right\" aria-hidden=\"true\" ><\/i><\/a>\n\n\n\n\t\t<\/div>\n\t\t\t\t\n<style>\n#col-1805895905 > .col-inner {\n  padding: 40px 15% 30px 15%;\n}\n@media (min-width:550px) {\n  #col-1805895905 > .col-inner {\n    padding: 60px 15% 60px 15%;\n  }\n}\n@media (min-width:850px) {\n  #col-1805895905 > .col-inner {\n    padding: 5% 8% 5% 10%;\n  }\n}\n<\/style>\n\t<\/div>\n\n\t\n\n\t<div id=\"col-1985557844\" class=\"col medium-12 small-12 large-7\"  >\n\t\t\t\t<div class=\"col-inner text-left text-shadow-1\"  >\n\t\t\t\n\t\t\t\n\n\t<section class=\"section dark\" id=\"section_376644181\">\n\t\t<div class=\"bg section-bg fill bg-fill bg-loaded bg-loaded\" >\n\n\t\t\t\n\t\t\t\n\t\t\t\n\n\t\t<\/div>\n\n\t\t\n\n\t\t<div class=\"section-content relative\">\n\t\t\t\n\n<div class=\"row\"  id=\"row-994912513\">\n\n\n\t<div id=\"col-1162582047\" class=\"col medium-10 small-12 large-10\"  >\n\t\t\t\t<div class=\"col-inner\"  >\n\t\t\t\n\t\t\t\n\n\t<div id=\"gap-316236418\" class=\"gap-element clearfix\" style=\"display:block; height:auto;\">\n\t\t\n<style>\n#gap-316236418 {\n  padding-top: 30px;\n}\n<\/style>\n\t<\/div>\n\t\n\n\n\t\t<div class=\"icon-box featured-box icon-box-left text-left\"  >\n\t\t\t\t\t<div class=\"icon-box-img has-icon-bg\" style=\"width: 90px\">\n\t\t\t\t<div class=\"icon\">\n\t\t\t\t\t<div class=\"icon-inner\" style=\"border-width:4px;color:rgb(248, 199, 49);\">\n\t\t\t\t\t\t<img width=\"400\" height=\"400\" src=\"https:\/\/rhinojewel.com\/wp-content\/uploads\/2023\/09\/jewelry-400x400.png\" class=\"attachment-medium size-medium\" alt=\"\" decoding=\"async\" loading=\"lazy\" srcset=\"https:\/\/rhinojewel.com\/wp-content\/uploads\/2023\/09\/jewelry-400x400.png 400w, https:\/\/rhinojewel.com\/wp-content\/uploads\/2023\/09\/jewelry-280x280.png 280w, https:\/\/rhinojewel.com\/wp-content\/uploads\/2023\/09\/jewelry-12x12.png 12w, https:\/\/rhinojewel.com\/wp-content\/uploads\/2023\/09\/jewelry-510x510.png 510w, https:\/\/rhinojewel.com\/wp-content\/uploads\/2023\/09\/jewelry-100x100.png 100w, https:\/\/rhinojewel.com\/wp-content\/uploads\/2023\/09\/jewelry.png 512w\" sizes=\"(max-width: 400px) 100vw, 400px\" \/>\t\t\t\t\t<\/div>\n\t\t\t\t<\/div>\n\t\t\t<\/div>\n\t\t\t\t<div class=\"icon-box-text last-reset\">\n\t\t\t\t\t\t\t\t\t\n\n\t<div id=\"text-425189190\" class=\"text\">\n\t\t\n\n<h3>3D Design di Gioielli<\/h3>\n\t\t\n<style>\n#text-425189190 {\n  font-size: 1.25rem;\n  color: rgb(248, 199, 49);\n}\n#text-425189190 > * {\n  color: rgb(248, 199, 49);\n}\n<\/style>\n\t<\/div>\n\t\n\t<div id=\"text-4012852384\" class=\"text\">\n\t\t\n\n<p>Rhinojewel \u00e8 un software professionale per la progettazione di gioielli che si integra con il potente modellatore 3D Rhino 8.0 per Windows. Consente di modellare con facilit\u00e0, rapidit\u00e0 e precisione tutti i tipi di gioielli e articoli di lusso. Pu\u00f2 essere utilizzato con Rhino 8.0 per Windows a 64 bit, anche se \u00e8 consigliata la versione Rhino 8 per poter sfruttare le ultime funzionalit\u00e0 e potenziare gli strumenti di Rhinojewel 8.<\/p>\n\t\t\n<style>\n#text-4012852384 {\n  color: rgb(255, 255, 255);\n}\n#text-4012852384 > * {\n  color: rgb(255, 255, 255);\n}\n<\/style>\n\t<\/div>\n\t\n\n\t\t<\/div>\n\t<\/div>\n\t\n\t\n\t<div id=\"gap-347405888\" class=\"gap-element clearfix\" style=\"display:block; height:auto;\">\n\t\t\n<style>\n#gap-347405888 {\n  padding-top: 40px;\n}\n<\/style>\n\t<\/div>\n\t\n\n\n\t\t<div class=\"icon-box featured-box icon-box-left text-left\"  >\n\t\t\t\t\t<div class=\"icon-box-img has-icon-bg\" style=\"width: 90px\">\n\t\t\t\t<div class=\"icon\">\n\t\t\t\t\t<div class=\"icon-inner\" style=\"border-width:4px;color:rgb(248, 199, 49);\">\n\t\t\t\t\t\t<img width=\"400\" height=\"400\" src=\"https:\/\/rhinojewel.com\/wp-content\/uploads\/2023\/09\/vector-400x400.png\" class=\"attachment-medium size-medium\" alt=\"\" decoding=\"async\" loading=\"lazy\" srcset=\"https:\/\/rhinojewel.com\/wp-content\/uploads\/2023\/09\/vector-400x400.png 400w, https:\/\/rhinojewel.com\/wp-content\/uploads\/2023\/09\/vector-280x280.png 280w, https:\/\/rhinojewel.com\/wp-content\/uploads\/2023\/09\/vector-12x12.png 12w, https:\/\/rhinojewel.com\/wp-content\/uploads\/2023\/09\/vector-510x510.png 510w, https:\/\/rhinojewel.com\/wp-content\/uploads\/2023\/09\/vector-100x100.png 100w, https:\/\/rhinojewel.com\/wp-content\/uploads\/2023\/09\/vector.png 512w\" sizes=\"(max-width: 400px) 100vw, 400px\" \/>\t\t\t\t\t<\/div>\n\t\t\t\t<\/div>\n\t\t\t<\/div>\n\t\t\t\t<div class=\"icon-box-text last-reset\">\n\t\t\t\t\t\t\t\t\t\n\n\t<div id=\"text-258445178\" class=\"text\">\n\t\t\n\n<h3>DESIGN PER TUTTI I LIVELLI<\/h3>\n\t\t\n<style>\n#text-258445178 {\n  font-size: 1.25rem;\n  color: rgb(248, 199, 49);\n}\n#text-258445178 > * {\n  color: rgb(248, 199, 49);\n}\n<\/style>\n\t<\/div>\n\t\n<p>Questo software \u00e8 ideale sia per principianti che per esperti nel design 3D. Offre una vasta gamma di strumenti specializzati per la gioielleria che assistono in ogni fase del processo di progettazione. Rhinojewel ti consente di modellare le tue creazioni in modo pi\u00f9 efficiente rispetto ai processi artigianali tradizionali, che si tratti di creare gioielli semplici o di realizzare pezzi tecnicamente complessi.<\/p>\n\n\t\t<\/div>\n\t<\/div>\n\t\n\t\n\t<div id=\"gap-349465640\" class=\"gap-element clearfix\" style=\"display:block; height:auto;\">\n\t\t\n<style>\n#gap-349465640 {\n  padding-top: 40px;\n}\n<\/style>\n\t<\/div>\n\t\n\n\n\t\t<div class=\"icon-box featured-box icon-box-left text-left\"  >\n\t\t\t\t\t<div class=\"icon-box-img has-icon-bg\" style=\"width: 90px\">\n\t\t\t\t<div class=\"icon\">\n\t\t\t\t\t<div class=\"icon-inner\" style=\"border-width:4px;color:rgb(248, 199, 49);\">\n\t\t\t\t\t\t<img width=\"400\" height=\"400\" src=\"https:\/\/rhinojewel.com\/wp-content\/uploads\/2023\/09\/portfolio-400x400.png\" class=\"attachment-medium size-medium\" alt=\"\" decoding=\"async\" loading=\"lazy\" srcset=\"https:\/\/rhinojewel.com\/wp-content\/uploads\/2023\/09\/portfolio-400x400.png 400w, https:\/\/rhinojewel.com\/wp-content\/uploads\/2023\/09\/portfolio-280x280.png 280w, https:\/\/rhinojewel.com\/wp-content\/uploads\/2023\/09\/portfolio-12x12.png 12w, https:\/\/rhinojewel.com\/wp-content\/uploads\/2023\/09\/portfolio-510x510.png 510w, https:\/\/rhinojewel.com\/wp-content\/uploads\/2023\/09\/portfolio-100x100.png 100w, https:\/\/rhinojewel.com\/wp-content\/uploads\/2023\/09\/portfolio.png 512w\" sizes=\"(max-width: 400px) 100vw, 400px\" \/>\t\t\t\t\t<\/div>\n\t\t\t\t<\/div>\n\t\t\t<\/div>\n\t\t\t\t<div class=\"icon-box-text last-reset\">\n\t\t\t\t\t\t\t\t\t\n\n\t<div id=\"text-3666658346\" class=\"text\">\n\t\t\n\n<h3> Condividi Le Tue Creazioni<\/h3>\n\t\t\n<style>\n#text-3666658346 {\n  font-size: 1.25rem;\n  color: rgb(248, 199, 49);\n}\n#text-3666658346 > * {\n  color: rgb(248, 199, 49);\n}\n<\/style>\n\t<\/div>\n\t\n<p>I modelli creati con Rhinojewel possono essere utilizzati per generare immagini e video (vedi Galleria) che puoi facilmente mostrare ai tuoi clienti tramite WhatsApp, Instagram o altre piattaforme. Crea immagini realistiche in pochi secondi e video in soli pochi minuti. Ora, pubblicare un video dei tuoi progetti \u00e8 a pochi clic di distanza.<\/p>\n\n\t\t<\/div>\n\t<\/div>\n\t\n\t\n\n\t\t<\/div>\n\t\t\t\t\n<style>\n#col-1162582047 > .col-inner {\n  padding: 0px 0px 0px 0;\n}\n@media (min-width:550px) {\n  #col-1162582047 > .col-inner {\n    padding: 5% 0px 5% 5%;\n  }\n}\n<\/style>\n\t<\/div>\n\n\t\n\n<\/div>\n\n\t\t<\/div>\n\n\t\t\n<style>\n#section_376644181 {\n  padding-top: 0px;\n  padding-bottom: 0px;\n  min-height: 440px;\n  background-color: rgba(44, 49, 50, 0.674);\n}\n#section_376644181 .ux-shape-divider--top svg {\n  height: 150px;\n  --divider-top-width: 100%;\n}\n#section_376644181 .ux-shape-divider--bottom svg {\n  height: 150px;\n  --divider-width: 100%;\n}\n@media (min-width:550px) {\n  #section_376644181 {\n    min-height: 500px;\n  }\n}\n@media (min-width:850px) {\n  #section_376644181 {\n    min-height: 750px;\n  }\n}\n<\/style>\n\t<\/section>\n\t\n\n\t\t<\/div>\n\t\t\t\t\t<\/div>\n\n\t\n\n<\/div>\n\t<section class=\"section\" id=\"section_1883769903\">\n\t\t<div class=\"bg section-bg fill bg-fill bg-loaded bg-loaded\" >\n\n\t\t\t\n\t\t\t<div class=\"section-bg-overlay absolute fill\"><\/div>\n\t\t\t\n\t<div class=\"is-border\"\n\t\tstyle=\"border-width:1px 0px 1px 0px;\">\n\t<\/div>\n\n\t\t<\/div>\n\n\t\t\n\n\t\t<div class=\"section-content relative\">\n\t\t\t\n\n<div class=\"row row-large align-middle\"  id=\"row-2007914262\">\n\n\n\t<div id=\"col-1044840733\" class=\"col medium-6 small-12 large-6\"  >\n\t\t\t\t<div class=\"col-inner\"  >\n\t\t\t\n\t\t\t\n\n\t<div class=\"img has-hover x md-x lg-x y md-y lg-y\" id=\"image_1168761044\">\n\t\t\t\t\t\t\t\t<div class=\"img-inner box-shadow-2 dark\" >\n\t\t\t\t\t\t\t\t\t\n\t\t\t\t\t<\/div>\n\t\t\t\t\t\t\t\t\n<style>\n#image_1168761044 {\n  width: 100%;\n}\n<\/style>\n\t<\/div>\n\t\n\n\t<div class=\"img has-hover x md-x lg-x y md-y lg-y\" id=\"image_124989207\">\n\t\t\t\t\t\t\t\t<div class=\"img-inner image-cover dark\" style=\"padding-top:75%;\">\n\t\t\t<img width=\"1920\" height=\"1700\" src=\"https:\/\/rhinojewel.com\/wp-content\/uploads\/2023\/03\/01en_1920r-copia4.jpg\" class=\"attachment-original size-original\" alt=\"\" decoding=\"async\" loading=\"lazy\" srcset=\"https:\/\/rhinojewel.com\/wp-content\/uploads\/2023\/03\/01en_1920r-copia4.jpg 1920w, https:\/\/rhinojewel.com\/wp-content\/uploads\/2023\/03\/01en_1920r-copia4-510x452.jpg 510w, https:\/\/rhinojewel.com\/wp-content\/uploads\/2023\/03\/01en_1920r-copia4-452x400.jpg 452w, https:\/\/rhinojewel.com\/wp-content\/uploads\/2023\/03\/01en_1920r-copia4-904x800.jpg 904w, https:\/\/rhinojewel.com\/wp-content\/uploads\/2023\/03\/01en_1920r-copia4-768x680.jpg 768w, https:\/\/rhinojewel.com\/wp-content\/uploads\/2023\/03\/01en_1920r-copia4-1536x1360.jpg 1536w\" sizes=\"(max-width: 1920px) 100vw, 1920px\" \/>\t\t\t\t\t\t\n\t\t\t\t\t<\/div>\n\t\t\t\t\t\t\t\t\n<style>\n#image_124989207 {\n  width: 100%;\n}\n<\/style>\n\t<\/div>\n\t\n\n\n\t\t<\/div>\n\t\t\t\t\t<\/div>\n\n\t\n\n\t<div id=\"col-1034469759\" class=\"col medium-6 small-12 large-6\"  >\n\t\t\t\t<div class=\"col-inner text-left\"  >\n\t\t\t\n\t\t\t\n\n<h2 class=\"uppercase\">CARATTERISTICHE PRINCIPALI<\/h2>\n<p>Scopri le caratteristiche uniche di Rhinojewel, il software di progettazione di gioielli basato su Rhino. Sviluppato da esperti professionisti della gioielleria e con il contributo di alcune delle principali case di gioielleria internazionali, il nostro ampio elenco di strumenti specifici per la gioielleria \u00e8 stato accuratamente creato per semplificare il flusso di lavoro senza compromettere l'assoluta libert\u00e0 creativa. Esplora i video dimostrativi di alcuni dei numerosi strumenti disponibili in Rhinojewel.<\/p>\n<a href=\"https:\/\/rhinojewel.com\/it\/features\/\" target=\"_self\" class=\"button primary is-small box-shadow-5-hover lowercase\"  style=\"border-radius:10px;\">\n    <span>Saperne di pi\u00f9<\/span>\n  <i class=\"icon-angle-right\" aria-hidden=\"true\" ><\/i><\/a>\n\n\n\n\t\t<\/div>\n\t\t\t\t\t<\/div>\n\n\t\n\n<\/div>\n\n\t\t<\/div>\n\n\t\t\n<style>\n#section_1883769903 {\n  padding-top: 60px;\n  padding-bottom: 60px;\n  background-color: rgb(193, 193, 193);\n}\n#section_1883769903 .section-bg-overlay {\n  background-color: rgba(255, 255, 255, 0.85);\n}\n#section_1883769903 .ux-shape-divider--top svg {\n  height: 150px;\n  --divider-top-width: 100%;\n}\n#section_1883769903 .ux-shape-divider--bottom svg {\n  height: 150px;\n  --divider-width: 100%;\n}\n<\/style>\n\t<\/section>\n\t\n\n\n\n<div class=\"message-box relative dark\" style=\"padding-top:101px;padding-bottom:101px;\"><div class=\"message-box-bg-image bg-fill fill\" ><\/div><div class=\"message-box-bg-overlay bg-fill fill\" style=\"background-color:rgba(44, 49, 50, 0.674);\"><\/div><div class=\"container relative\"><div class=\"inner last-reset\">\n\n<div class=\"row align-middle align-center\"  id=\"row-1634335091\">\n\n\n\t<div id=\"col-1619318759\" class=\"col medium-12 small-12 large-8\"  >\n\t\t\t\t<div class=\"col-inner text-center\"  >\n\t\t\t\n\t\t\t\n\n\t<div id=\"text-3215783943\" class=\"text\">\n\t\t\n\n<h2 class=\"uppercase\">SIAMO QUI PER AIUTARVI!<\/h2>\n<p>Il team di supporto tecnico \u00e8 a tua disposizione per rispondere a qualsiasi domanda sul software, che si tratti di fornire assistenza nell'installazione di Rhinojewel o di chiarire dubbi sull'uso di strumenti specifici.<\/p>\n\t\t\n<style>\n#text-3215783943 {\n  text-align: center;\n}\n<\/style>\n\t<\/div>\n\t\n\t<div id=\"gap-1906460042\" class=\"gap-element clearfix\" style=\"display:block; height:auto;\">\n\t\t\n<style>\n#gap-1906460042 {\n  padding-top: 30px;\n}\n<\/style>\n\t<\/div>\n\t\n\n<a href=\"https:\/\/rhinojewel.com\/it\/contact\/\" target=\"_self\" class=\"button primary box-shadow-5-hover lowercase\"  style=\"border-radius:14px;\">\n    <span>Contattaci<\/span>\n  <i class=\"icon-angle-right\" aria-hidden=\"true\" ><\/i><\/a>\n\n\n\n\t\t<\/div>\n\t\t\t\t\n<style>\n#col-1619318759 > .col-inner {\n  margin: 0px 0px 0px 0px;\n}\n<\/style>\n\t<\/div>\n\n\t\n\n<\/div>\n\n<\/div><\/div><\/div>","protected":false},"excerpt":{"rendered":"","protected":false},"author":1,"featured_media":40,"parent":0,"menu_order":1,"comment_status":"closed","ping_status":"closed","template":"page-blank.php","meta":[],"_links":{"self":[{"href":"https:\/\/rhinojewel.com\/it\/wp-json\/wp\/v2\/pages\/78"}],"collection":[{"href":"https:\/\/rhinojewel.com\/it\/wp-json\/wp\/v2\/pages"}],"about":[{"href":"https:\/\/rhinojewel.com\/it\/wp-json\/wp\/v2\/types\/page"}],"author":[{"embeddable":true,"href":"https:\/\/rhinojewel.com\/it\/wp-json\/wp\/v2\/users\/1"}],"replies":[{"embeddable":true,"href":"https:\/\/rhinojewel.com\/it\/wp-json\/wp\/v2\/comments?post=78"}],"version-history":[{"count":92,"href":"https:\/\/rhinojewel.com\/it\/wp-json\/wp\/v2\/pages\/78\/revisions"}],"predecessor-version":[{"id":2067,"href":"https:\/\/rhinojewel.com\/it\/wp-json\/wp\/v2\/pages\/78\/revisions\/2067"}],"wp:featuredmedia":[{"embeddable":true,"href":"https:\/\/rhinojewel.com\/it\/wp-json\/wp\/v2\/media\/40"}],"wp:attachment":[{"href":"https:\/\/rhinojewel.com\/it\/wp-json\/wp\/v2\/media?parent=78"}],"curies":[{"name":"wp","href":"https:\/\/api.w.org\/{rel}","templated":true}]}}