{"id":2048,"date":"2025-05-12T20:32:20","date_gmt":"2025-05-12T18:32:20","guid":{"rendered":"https:\/\/rhinojewel.com\/?post_type=product&#038;p=2048"},"modified":"2025-06-02T09:18:26","modified_gmt":"2025-06-02T07:18:26","slug":"rhinojewel-8-0-for-schools","status":"publish","type":"product","link":"https:\/\/rhinojewel.com\/fr\/shop\/rhinojewel-8-0-for-schools\/","title":{"rendered":"Rhinojewel 8.0 for Windows Rhinojewel 8.0 for Windows Schools 20 Lab users"},"content":{"rendered":"<p><strong>International les prix peuvent varier. <\/strong><br \/>\n<strong>Les prix ne comprennent pas les taxes.<\/strong><br \/>\n<strong>Tous les produits sont exp\u00e9di\u00e9s par voie \u00e9lectronique.<\/strong><br \/>\n<strong>Remarque: Toutes les licences sont permanents et n&#039;expirent pas. Les prix incluent le support et service mises \u00e0 jour pour la version actuelle. Il n&#039;y a pas de frais d&#039;entretien.<\/strong><\/p>\n<h3>Les mises \u00e0 jour<\/h3>\n<p>Rhinojewel is a professional software integrated with the powerful 3D modeler Rhino 8.0 for Windows, allowing you to easily, quickly, and accurately design all types of jewelry, costume jewelry, and luxury items. Rhinojewel 8.0 is compatible with Rhino 8.0 for Windows 64-bit.<\/p>\n<h3>Le Logiciel<\/h3>\n<p>Ce logiciel est parfait pour les d\u00e9butants et les experts de la conception 3D. Il propose une large gamme de sp\u00e9cialis\u00e9 bijoux des outils qui aident \u00e0 chaque \u00e9tape du processus de conception. Rhinojewel vous permet de fa\u00e7onner vos cr\u00e9ations de mani\u00e8re plus efficace que les traditionnels artisanaux, des processus, de l&#039;artisanat simple, des bijoux ou de la cr\u00e9ation de complexes sur le plan technique et de superbes morceaux.<\/p>\n<h3>Interface &amp; \u00c9dition<\/h3>\n<p>Les mod\u00e8les cr\u00e9\u00e9s avec Rhinojewel peut \u00eatre utilis\u00e9 pour g\u00e9n\u00e9rer exceptionnelle des images photor\u00e9alistes et des vid\u00e9os (voir notre Galerie) que vous pouvez facilement montrer \u00e0 vos clients par le biais de Whatsapp, Instagram, ou d&#039;autres plates-formes. Cr\u00e9er des images r\u00e9alistes en quelques secondes et vid\u00e9os en quelques minutes. Maintenant, la publication d&#039;une vid\u00e9o de vos cr\u00e9ations avec le monde entier est en seulement quelques clics.<\/p>","protected":false},"excerpt":{"rendered":"<p>International prices may vary. Prices do not include taxes. All products are shipped electronically. Note: All licenses are permanent and do not expire. Prices include support and service releases for the current version. There are no maintenance\u00a0fees. Updates Rhinojewel is a professional software integrated with the powerful 3D modeler Rhino 8.0 for Windows, allowing you [&#8230;]","protected":false},"featured_media":2062,"template":"","meta":[],"product_cat":[69],"product_tag":[],"_links":{"self":[{"href":"https:\/\/rhinojewel.com\/fr\/wp-json\/wp\/v2\/product\/2048"}],"collection":[{"href":"https:\/\/rhinojewel.com\/fr\/wp-json\/wp\/v2\/product"}],"about":[{"href":"https:\/\/rhinojewel.com\/fr\/wp-json\/wp\/v2\/types\/product"}],"wp:featuredmedia":[{"embeddable":true,"href":"https:\/\/rhinojewel.com\/fr\/wp-json\/wp\/v2\/media\/2062"}],"wp:attachment":[{"href":"https:\/\/rhinojewel.com\/fr\/wp-json\/wp\/v2\/media?parent=2048"}],"wp:term":[{"taxonomy":"product_cat","embeddable":true,"href":"https:\/\/rhinojewel.com\/fr\/wp-json\/wp\/v2\/product_cat?post=2048"},{"taxonomy":"product_tag","embeddable":true,"href":"https:\/\/rhinojewel.com\/fr\/wp-json\/wp\/v2\/product_tag?post=2048"}],"curies":[{"name":"wp","href":"https:\/\/api.w.org\/{rel}","templated":true}]}}