{"id":78,"date":"2016-02-18T15:10:52","date_gmt":"2016-02-18T14:10:52","guid":{"rendered":"http:\/\/flatsome.dev\/?page_id=4041"},"modified":"2025-05-26T19:48:52","modified_gmt":"2025-05-26T17:48:52","slug":"home","status":"publish","type":"page","link":"https:\/\/rhinojewel.com\/fr\/","title":{"rendered":"Home"},"content":{"rendered":"<div class=\"banner has-hover has-video is-full-height\" id=\"banner-384803220\">\n          <div class=\"banner-inner fill\">\n        <div class=\"banner-bg fill\" >\n            <div class=\"bg fill bg-fill bg-loaded\"><\/div>\n            \t<div class=\"video-overlay no-click fill visible\"><\/div>\n\t<video class=\"video-bg fill visible\" preload playsinline autoplay muted loop>\n\t\t<source src=\"https:\/\/rhinojewel.com\/wp-content\/uploads\/2023\/03\/Anillo_corto_1920x800.mp4\" type=\"video\/mp4\">\t<\/video>\n            <div class=\"overlay\"><\/div>            \n                    <\/div>\n\t\t\n        <div class=\"banner-layers container\">\n            <div class=\"fill banner-link\"><\/div>            \n\n   <div id=\"text-box-1559114420\" class=\"text-box banner-layer x90 md-x90 lg-x90 y50 md-y50 lg-y50 res-text\">\n                                <div class=\"text-box-content text dark\">\n              \n              <div class=\"text-inner text-center\">\n                  \n\n\t<div id=\"text-2233385206\" class=\"text\">\n\t\t\n\n<h4><span style=\"color: #cccbcb;\">Rhino<\/span><span style=\"color: #f8c731;\">jewel 8.0<\/span><\/h4>\n<h3 class=\"uppercase\">IMAGINE, CR\u00c9E<br>ET VISUALISE TES BIJOUX<\/h3>\n<p>Transforme Rhino en un outil puissant pour cr\u00e9er des bijoux avec Rhinojewel. Ajoute des pierres pr\u00e9cieuses et des mat\u00e9riaux gemmologiques, cr\u00e9e des pav\u00e9s et des textures pr\u00e9cises, g\u00e9n\u00e8re des images et des vid\u00e9os pour tes r\u00e9seaux sociaux. Rhinojewel multiplie la puissance de Rhino, te permettant de cr\u00e9er des designs de bijoux impressionnants avec facilit\u00e9 et fluidit\u00e9.<\/p>\n\t\t\n<style>\n#text-2233385206 {\n  font-size: 0.9rem;\n  text-align: right;\n}\n@media (min-width:550px) {\n  #text-2233385206 {\n    font-size: 1.2rem;\n    text-align: left;\n  }\n}\n<\/style>\n\t<\/div>\n\t\n<a href=\"https:\/\/rhinojewel.com\/fr\/my-account\/\" target=\"_self\" class=\"button primary box-shadow-5 box-shadow-5-hover lowercase\"  style=\"border-radius:14px;padding:0px 10px 0px 10px;\">\n    <span>T\u00e9l\u00e9charger 30 jours d'essai<\/span>\n  <\/a>\n\n\n\n              <\/div>\n           <\/div>\n                            \n<style>\n#text-box-1559114420 {\n  width: 60%;\n}\n#text-box-1559114420 .text-box-content {\n  font-size: 100%;\n}\n@media (min-width:550px) {\n  #text-box-1559114420 {\n    width: 40%;\n  }\n}\n<\/style>\n    <\/div>\n \n\n        <\/div>\n      <\/div>\n\n            \n<style>\n#banner-384803220 {\n  padding-top: 100%;\n}\n#banner-384803220 .overlay {\n  background-color: rgba(0, 0, 0, 0.31);\n}\n#banner-384803220 .ux-shape-divider--top svg {\n  height: 150px;\n  --divider-top-width: 100%;\n}\n#banner-384803220 .ux-shape-divider--bottom svg {\n  height: 150px;\n  --divider-width: 100%;\n}\n<\/style>\n  <\/div>\n\n\n<div class=\"slider-wrapper relative\" id=\"slider-694745456\" >\n    <div class=\"slider slider-nav-circle slider-nav-large slider-nav-light slider-style-normal\"\n        data-flickity-options='{            \"cellAlign\": \"center\",            \"imagesLoaded\": true,            \"lazyLoad\": 1,            \"freeScroll\": false,            \"wrapAround\": true,            \"autoPlay\": 6000,            \"pauseAutoPlayOnHover\" : true,            \"prevNextButtons\": true,            \"contain\" : true,            \"adaptiveHeight\" : true,            \"dragThreshold\" : 10,            \"percentPosition\": true,            \"pageDots\": true,            \"rightToLeft\": false,            \"draggable\": true,            \"selectedAttraction\": 0.1,            \"parallax\" : 0,            \"friction\": 0.6        }'\n        >\n        \n\n\n     <\/div>\n\n     <div class=\"loading-spin dark large centered\"><\/div>\n\n     \t<\/div>\n\n\n<div class=\"row row-collapse row-full-width align-middle align-center\"  id=\"row-1598530872\">\n\n\n\t<div id=\"col-1843775553\" class=\"col medium-12 small-12 large-5\"  >\n\t\t\t\t<div class=\"col-inner text-left\"  >\n\t\t\t\n\t\t\t\n\n\t<div id=\"text-1075656818\" class=\"text\">\n\t\t\n\n<h3><span style=\"color: grey;\">Rhino<\/span>jewel 8.0<\/h3>\n\t\t\n<style>\n#text-1075656818 {\n  font-size: 2rem;\n  line-height: 1;\n  color: rgb(248, 199, 49);\n}\n#text-1075656818 > * {\n  color: rgb(248, 199, 49);\n}\n@media (min-width:550px) {\n  #text-1075656818 {\n    font-size: 2.15rem;\n  }\n}\n<\/style>\n\t<\/div>\n\t\n<div class=\"is-divider divider clearfix\" style=\"max-width:80px;background-color:rgb(39, 54, 71);\"><\/div>\n\n\t<div id=\"text-4135516016\" class=\"text\">\n\t\t\n\n<p>\nDepuis l'ann\u00e9e 2000, Techjewel, la soci\u00e9t\u00e9 qui a d\u00e9velopp\u00e9 Rhinojewel, vise \u00e0 fournir de la technologie aux joailliers int\u00e9ress\u00e9s \u00e0 cr\u00e9er leurs propres designs 3D, en suivant la politique de prix abordables de Rhino.\n<\/p>\n\t\t\n<style>\n#text-4135516016 {\n  text-align: left;\n  color: rgb(57, 53, 53);\n}\n#text-4135516016 > * {\n  color: rgb(57, 53, 53);\n}\n<\/style>\n\t<\/div>\n\t\n<a href=\"https:\/\/rhinojewel.com\/fr\/my-account\/\" target=\"_self\" class=\"button primary box-shadow-5-hover lowercase expand\"  style=\"border-radius:14px;\">\n    <span>T\u00e9l\u00e9charger 30 jours d'essai<\/span>\n  <i class=\"icon-angle-right\" aria-hidden=\"true\" ><\/i><\/a>\n\n\n\n\t\t<\/div>\n\t\t\t\t\n<style>\n#col-1843775553 > .col-inner {\n  padding: 40px 15% 30px 15%;\n}\n@media (min-width:550px) {\n  #col-1843775553 > .col-inner {\n    padding: 60px 15% 60px 15%;\n  }\n}\n@media (min-width:850px) {\n  #col-1843775553 > .col-inner {\n    padding: 5% 8% 5% 10%;\n  }\n}\n<\/style>\n\t<\/div>\n\n\t\n\n\t<div id=\"col-1653577818\" class=\"col medium-12 small-12 large-7\"  >\n\t\t\t\t<div class=\"col-inner text-left text-shadow-1\"  >\n\t\t\t\n\t\t\t\n\n\t<section class=\"section dark\" id=\"section_1035596005\">\n\t\t<div class=\"bg section-bg fill bg-fill bg-loaded bg-loaded\" >\n\n\t\t\t\n\t\t\t\n\t\t\t\n\n\t\t<\/div>\n\n\t\t\n\n\t\t<div class=\"section-content relative\">\n\t\t\t\n\n<div class=\"row\"  id=\"row-294296296\">\n\n\n\t<div id=\"col-492799347\" class=\"col medium-10 small-12 large-10\"  >\n\t\t\t\t<div class=\"col-inner\"  >\n\t\t\t\n\t\t\t\n\n\t<div id=\"gap-583544067\" class=\"gap-element clearfix\" style=\"display:block; height:auto;\">\n\t\t\n<style>\n#gap-583544067 {\n  padding-top: 30px;\n}\n<\/style>\n\t<\/div>\n\t\n\n\n\t\t<div class=\"icon-box featured-box icon-box-left text-left\"  >\n\t\t\t\t\t<div class=\"icon-box-img has-icon-bg\" style=\"width: 90px\">\n\t\t\t\t<div class=\"icon\">\n\t\t\t\t\t<div class=\"icon-inner\" style=\"border-width:4px;color:rgb(248, 199, 49);\">\n\t\t\t\t\t\t<img width=\"400\" height=\"400\" src=\"https:\/\/rhinojewel.com\/wp-content\/uploads\/2023\/09\/jewelry-400x400.png\" class=\"attachment-medium size-medium\" alt=\"\" decoding=\"async\" loading=\"lazy\" srcset=\"https:\/\/rhinojewel.com\/wp-content\/uploads\/2023\/09\/jewelry-400x400.png 400w, https:\/\/rhinojewel.com\/wp-content\/uploads\/2023\/09\/jewelry-280x280.png 280w, https:\/\/rhinojewel.com\/wp-content\/uploads\/2023\/09\/jewelry-12x12.png 12w, https:\/\/rhinojewel.com\/wp-content\/uploads\/2023\/09\/jewelry-510x510.png 510w, https:\/\/rhinojewel.com\/wp-content\/uploads\/2023\/09\/jewelry-100x100.png 100w, https:\/\/rhinojewel.com\/wp-content\/uploads\/2023\/09\/jewelry.png 512w\" sizes=\"(max-width: 400px) 100vw, 400px\" \/>\t\t\t\t\t<\/div>\n\t\t\t\t<\/div>\n\t\t\t<\/div>\n\t\t\t\t<div class=\"icon-box-text last-reset\">\n\t\t\t\t\t\t\t\t\t\n\n\t<div id=\"text-739767845\" class=\"text\">\n\t\t\n\n<h3>3D Conception de Bijoux<\/h3>\n\t\t\n<style>\n#text-739767845 {\n  font-size: 1.25rem;\n  color: rgb(248, 199, 49);\n}\n#text-739767845 > * {\n  color: rgb(248, 199, 49);\n}\n<\/style>\n\t<\/div>\n\t\n\t<div id=\"text-669892661\" class=\"text\">\n\t\t\n\n<p>Rhinojewel est un sotfware professionnel de conception de bijoux qui s'int\u00e8gre au puissant modeleur 3D Rhino 8.0 pour Windows. Il permet de mod\u00e9liser facilement, rapidement et avec pr\u00e9cision tous types de bijoux et d'objets de luxe. Il peut \u00eatre utilis\u00e9 avec Rhino 8.0 pour Windows 64 bits, bien que la version Rhino 7 soit recommand\u00e9e pour profiter des derni\u00e8res fonctionnalit\u00e9s et renforcer les outils de Rhinojewel 8.<\/p>\n\t\t\n<style>\n#text-669892661 {\n  color: rgb(255, 255, 255);\n}\n#text-669892661 > * {\n  color: rgb(255, 255, 255);\n}\n<\/style>\n\t<\/div>\n\t\n\n\t\t<\/div>\n\t<\/div>\n\t\n\t\n\t<div id=\"gap-891894792\" class=\"gap-element clearfix\" style=\"display:block; height:auto;\">\n\t\t\n<style>\n#gap-891894792 {\n  padding-top: 40px;\n}\n<\/style>\n\t<\/div>\n\t\n\n\n\t\t<div class=\"icon-box featured-box icon-box-left text-left\"  >\n\t\t\t\t\t<div class=\"icon-box-img has-icon-bg\" style=\"width: 90px\">\n\t\t\t\t<div class=\"icon\">\n\t\t\t\t\t<div class=\"icon-inner\" style=\"border-width:4px;color:rgb(248, 199, 49);\">\n\t\t\t\t\t\t<img width=\"400\" height=\"400\" src=\"https:\/\/rhinojewel.com\/wp-content\/uploads\/2023\/09\/vector-400x400.png\" class=\"attachment-medium size-medium\" alt=\"\" decoding=\"async\" loading=\"lazy\" srcset=\"https:\/\/rhinojewel.com\/wp-content\/uploads\/2023\/09\/vector-400x400.png 400w, https:\/\/rhinojewel.com\/wp-content\/uploads\/2023\/09\/vector-280x280.png 280w, https:\/\/rhinojewel.com\/wp-content\/uploads\/2023\/09\/vector-12x12.png 12w, https:\/\/rhinojewel.com\/wp-content\/uploads\/2023\/09\/vector-510x510.png 510w, https:\/\/rhinojewel.com\/wp-content\/uploads\/2023\/09\/vector-100x100.png 100w, https:\/\/rhinojewel.com\/wp-content\/uploads\/2023\/09\/vector.png 512w\" sizes=\"(max-width: 400px) 100vw, 400px\" \/>\t\t\t\t\t<\/div>\n\t\t\t\t<\/div>\n\t\t\t<\/div>\n\t\t\t\t<div class=\"icon-box-text last-reset\">\n\t\t\t\t\t\t\t\t\t\n\n\t<div id=\"text-906803446\" class=\"text\">\n\t\t\n\n<h3>CONCEPTION POUR TOUS LES NIVEAUX<\/h3>\n\t\t\n<style>\n#text-906803446 {\n  font-size: 1.25rem;\n  color: rgb(248, 199, 49);\n}\n#text-906803446 > * {\n  color: rgb(248, 199, 49);\n}\n<\/style>\n\t<\/div>\n\t\n<p>Ce software est id\u00e9al \u00e0 la fois pour les d\u00e9butants et les experts en conception 3D. Il offre une large gamme d'outils sp\u00e9cialis\u00e9s en joaillerie qui assistent \u00e0 chaque \u00e9tape du processus de conception. Rhinojewel vous permet de fa\u00e7onner vos cr\u00e9ations de mani\u00e8re plus efficace que les processus artisanaux traditionnels, que ce soit pour cr\u00e9er des bijoux simples ou des pi\u00e8ces techniquement complexes.<\/p>\n\n\t\t<\/div>\n\t<\/div>\n\t\n\t\n\t<div id=\"gap-178173103\" class=\"gap-element clearfix\" style=\"display:block; height:auto;\">\n\t\t\n<style>\n#gap-178173103 {\n  padding-top: 40px;\n}\n<\/style>\n\t<\/div>\n\t\n\n\n\t\t<div class=\"icon-box featured-box icon-box-left text-left\"  >\n\t\t\t\t\t<div class=\"icon-box-img has-icon-bg\" style=\"width: 90px\">\n\t\t\t\t<div class=\"icon\">\n\t\t\t\t\t<div class=\"icon-inner\" style=\"border-width:4px;color:rgb(248, 199, 49);\">\n\t\t\t\t\t\t<img width=\"400\" height=\"400\" src=\"https:\/\/rhinojewel.com\/wp-content\/uploads\/2023\/09\/portfolio-400x400.png\" class=\"attachment-medium size-medium\" alt=\"\" decoding=\"async\" loading=\"lazy\" srcset=\"https:\/\/rhinojewel.com\/wp-content\/uploads\/2023\/09\/portfolio-400x400.png 400w, https:\/\/rhinojewel.com\/wp-content\/uploads\/2023\/09\/portfolio-280x280.png 280w, https:\/\/rhinojewel.com\/wp-content\/uploads\/2023\/09\/portfolio-12x12.png 12w, https:\/\/rhinojewel.com\/wp-content\/uploads\/2023\/09\/portfolio-510x510.png 510w, https:\/\/rhinojewel.com\/wp-content\/uploads\/2023\/09\/portfolio-100x100.png 100w, https:\/\/rhinojewel.com\/wp-content\/uploads\/2023\/09\/portfolio.png 512w\" sizes=\"(max-width: 400px) 100vw, 400px\" \/>\t\t\t\t\t<\/div>\n\t\t\t\t<\/div>\n\t\t\t<\/div>\n\t\t\t\t<div class=\"icon-box-text last-reset\">\n\t\t\t\t\t\t\t\t\t\n\n\t<div id=\"text-1068985300\" class=\"text\">\n\t\t\n\n<h3> Partage Vos Cr\u00e9ations<\/h3>\n\t\t\n<style>\n#text-1068985300 {\n  font-size: 1.25rem;\n  color: rgb(248, 199, 49);\n}\n#text-1068985300 > * {\n  color: rgb(248, 199, 49);\n}\n<\/style>\n\t<\/div>\n\t\n<p>Les mod\u00e8les cr\u00e9\u00e9s avec Rhinojewel peuvent \u00eatre utilis\u00e9s pour g\u00e9n\u00e9rer des images et des vid\u00e9os (voir Galerie) que tu peux montrer facilement \u00e0 tes clients via WhatsApp, Instagram ou d'autres plateformes. Cr\u00e9e des images r\u00e9alistes en quelques secondes et des vid\u00e9os en seulement quelques minutes. D\u00e9sormais, publier une vid\u00e9o de tes cr\u00e9ations est \u00e0 seulement quelques clics de distance.<\/p>\n\n\t\t<\/div>\n\t<\/div>\n\t\n\t\n\n\t\t<\/div>\n\t\t\t\t\n<style>\n#col-492799347 > .col-inner {\n  padding: 0px 0px 0px 0;\n}\n@media (min-width:550px) {\n  #col-492799347 > .col-inner {\n    padding: 5% 0px 5% 5%;\n  }\n}\n<\/style>\n\t<\/div>\n\n\t\n\n<\/div>\n\n\t\t<\/div>\n\n\t\t\n<style>\n#section_1035596005 {\n  padding-top: 0px;\n  padding-bottom: 0px;\n  min-height: 440px;\n  background-color: rgba(44, 49, 50, 0.674);\n}\n#section_1035596005 .ux-shape-divider--top svg {\n  height: 150px;\n  --divider-top-width: 100%;\n}\n#section_1035596005 .ux-shape-divider--bottom svg {\n  height: 150px;\n  --divider-width: 100%;\n}\n@media (min-width:550px) {\n  #section_1035596005 {\n    min-height: 500px;\n  }\n}\n@media (min-width:850px) {\n  #section_1035596005 {\n    min-height: 750px;\n  }\n}\n<\/style>\n\t<\/section>\n\t\n\n\t\t<\/div>\n\t\t\t\t\t<\/div>\n\n\t\n\n<\/div>\n\t<section class=\"section\" id=\"section_802401993\">\n\t\t<div class=\"bg section-bg fill bg-fill bg-loaded bg-loaded\" >\n\n\t\t\t\n\t\t\t<div class=\"section-bg-overlay absolute fill\"><\/div>\n\t\t\t\n\t<div class=\"is-border\"\n\t\tstyle=\"border-width:1px 0px 1px 0px;\">\n\t<\/div>\n\n\t\t<\/div>\n\n\t\t\n\n\t\t<div class=\"section-content relative\">\n\t\t\t\n\n<div class=\"row row-large align-middle\"  id=\"row-1396773655\">\n\n\n\t<div id=\"col-1089948354\" class=\"col medium-6 small-12 large-6\"  >\n\t\t\t\t<div class=\"col-inner\"  >\n\t\t\t\n\t\t\t\n\n\t<div class=\"img has-hover x md-x lg-x y md-y lg-y\" id=\"image_941120430\">\n\t\t\t\t\t\t\t\t<div class=\"img-inner box-shadow-2 dark\" >\n\t\t\t\t\t\t\t\t\t\n\t\t\t\t\t<\/div>\n\t\t\t\t\t\t\t\t\n<style>\n#image_941120430 {\n  width: 100%;\n}\n<\/style>\n\t<\/div>\n\t\n\n\t<div class=\"img has-hover x md-x lg-x y md-y lg-y\" id=\"image_895817714\">\n\t\t\t\t\t\t\t\t<div class=\"img-inner image-cover dark\" style=\"padding-top:75%;\">\n\t\t\t<img width=\"1920\" height=\"1700\" src=\"https:\/\/rhinojewel.com\/wp-content\/uploads\/2023\/03\/01en_1920r-copia4.jpg\" class=\"attachment-original size-original\" alt=\"\" decoding=\"async\" loading=\"lazy\" srcset=\"https:\/\/rhinojewel.com\/wp-content\/uploads\/2023\/03\/01en_1920r-copia4.jpg 1920w, https:\/\/rhinojewel.com\/wp-content\/uploads\/2023\/03\/01en_1920r-copia4-510x452.jpg 510w, https:\/\/rhinojewel.com\/wp-content\/uploads\/2023\/03\/01en_1920r-copia4-452x400.jpg 452w, https:\/\/rhinojewel.com\/wp-content\/uploads\/2023\/03\/01en_1920r-copia4-904x800.jpg 904w, https:\/\/rhinojewel.com\/wp-content\/uploads\/2023\/03\/01en_1920r-copia4-768x680.jpg 768w, https:\/\/rhinojewel.com\/wp-content\/uploads\/2023\/03\/01en_1920r-copia4-1536x1360.jpg 1536w\" sizes=\"(max-width: 1920px) 100vw, 1920px\" \/>\t\t\t\t\t\t\n\t\t\t\t\t<\/div>\n\t\t\t\t\t\t\t\t\n<style>\n#image_895817714 {\n  width: 100%;\n}\n<\/style>\n\t<\/div>\n\t\n\n\n\t\t<\/div>\n\t\t\t\t\t<\/div>\n\n\t\n\n\t<div id=\"col-1855423327\" class=\"col medium-6 small-12 large-6\"  >\n\t\t\t\t<div class=\"col-inner text-left\"  >\n\t\t\t\n\t\t\t\n\n<h2 class=\"uppercase\">CARACT\u00c9RISTIQUES PRINCIPALES<\/h2>\n<p>D\u00e9couvrez les caract\u00e9ristiques uniques de Rhinojewel, le sotfware de conception de bijoux bas\u00e9 sur Rhino. D\u00e9velopp\u00e9e par des professionnels exp\u00e9riment\u00e9s de la joaillerie et avec la contribution de certaines des plus grandes maisons de joaillerie au monde, notre liste exhaustive d'outils sp\u00e9cifiques \u00e0 la joaillerie a \u00e9t\u00e9 soigneusement cr\u00e9\u00e9e pour simplifier votre flux de travail sans compromettre votre libert\u00e9 cr\u00e9ative absolue. D\u00e9couvrez les vid\u00e9os de d\u00e9monstration de quelques-uns des nombreux outils disponibles dans Rhinojewel.<\/p>\n<a href=\"https:\/\/rhinojewel.com\/fr\/features\/\" target=\"_self\" class=\"button primary is-small box-shadow-5-hover lowercase\"  style=\"border-radius:10px;\">\n    <span>En savoir plus<\/span>\n  <i class=\"icon-angle-right\" aria-hidden=\"true\" ><\/i><\/a>\n\n\n\n\t\t<\/div>\n\t\t\t\t\t<\/div>\n\n\t\n\n<\/div>\n\n\t\t<\/div>\n\n\t\t\n<style>\n#section_802401993 {\n  padding-top: 60px;\n  padding-bottom: 60px;\n  background-color: rgb(193, 193, 193);\n}\n#section_802401993 .section-bg-overlay {\n  background-color: rgba(255, 255, 255, 0.85);\n}\n#section_802401993 .ux-shape-divider--top svg {\n  height: 150px;\n  --divider-top-width: 100%;\n}\n#section_802401993 .ux-shape-divider--bottom svg {\n  height: 150px;\n  --divider-width: 100%;\n}\n<\/style>\n\t<\/section>\n\t\n\n\n\n<div class=\"message-box relative dark\" style=\"padding-top:101px;padding-bottom:101px;\"><div class=\"message-box-bg-image bg-fill fill\" ><\/div><div class=\"message-box-bg-overlay bg-fill fill\" style=\"background-color:rgba(44, 49, 50, 0.674);\"><\/div><div class=\"container relative\"><div class=\"inner last-reset\">\n\n<div class=\"row align-middle align-center\"  id=\"row-600854926\">\n\n\n\t<div id=\"col-1160142948\" class=\"col medium-12 small-12 large-8\"  >\n\t\t\t\t<div class=\"col-inner text-center\"  >\n\t\t\t\n\t\t\t\n\n\t<div id=\"text-462493027\" class=\"text\">\n\t\t\n\n<h2 class=\"uppercase\">NOUS SOMMES ICI POUR TE AIDER!<\/h2>\n<p>L'\u00e9quipe de support technique est \u00e0 ta disposition pour r\u00e9pondre \u00e0 toutes tes questions concernant le software, que ce soit pour fournir de l'aide lors de l'installation de Rhinojewel ou pour \u00e9claircir tes doutes concernant l'utilisation d'outils sp\u00e9cifiques.<\/p>\n\t\t\n<style>\n#text-462493027 {\n  text-align: center;\n}\n<\/style>\n\t<\/div>\n\t\n\t<div id=\"gap-465608548\" class=\"gap-element clearfix\" style=\"display:block; height:auto;\">\n\t\t\n<style>\n#gap-465608548 {\n  padding-top: 30px;\n}\n<\/style>\n\t<\/div>\n\t\n\n<a href=\"https:\/\/rhinojewel.com\/fr\/contact\/\" target=\"_self\" class=\"button primary box-shadow-5-hover lowercase\"  style=\"border-radius:14px;\">\n    <span>Contactez-Nous<\/span>\n  <i class=\"icon-angle-right\" aria-hidden=\"true\" ><\/i><\/a>\n\n\n\n\t\t<\/div>\n\t\t\t\t\n<style>\n#col-1160142948 > .col-inner {\n  margin: 0px 0px 0px 0px;\n}\n<\/style>\n\t<\/div>\n\n\t\n\n<\/div>\n\n<\/div><\/div><\/div>","protected":false},"excerpt":{"rendered":"","protected":false},"author":1,"featured_media":40,"parent":0,"menu_order":1,"comment_status":"closed","ping_status":"closed","template":"page-blank.php","meta":[],"_links":{"self":[{"href":"https:\/\/rhinojewel.com\/fr\/wp-json\/wp\/v2\/pages\/78"}],"collection":[{"href":"https:\/\/rhinojewel.com\/fr\/wp-json\/wp\/v2\/pages"}],"about":[{"href":"https:\/\/rhinojewel.com\/fr\/wp-json\/wp\/v2\/types\/page"}],"author":[{"embeddable":true,"href":"https:\/\/rhinojewel.com\/fr\/wp-json\/wp\/v2\/users\/1"}],"replies":[{"embeddable":true,"href":"https:\/\/rhinojewel.com\/fr\/wp-json\/wp\/v2\/comments?post=78"}],"version-history":[{"count":92,"href":"https:\/\/rhinojewel.com\/fr\/wp-json\/wp\/v2\/pages\/78\/revisions"}],"predecessor-version":[{"id":2067,"href":"https:\/\/rhinojewel.com\/fr\/wp-json\/wp\/v2\/pages\/78\/revisions\/2067"}],"wp:featuredmedia":[{"embeddable":true,"href":"https:\/\/rhinojewel.com\/fr\/wp-json\/wp\/v2\/media\/40"}],"wp:attachment":[{"href":"https:\/\/rhinojewel.com\/fr\/wp-json\/wp\/v2\/media?parent=78"}],"curies":[{"name":"wp","href":"https:\/\/api.w.org\/{rel}","templated":true}]}}