{"id":1514,"date":"2015-11-17T20:25:08","date_gmt":"2015-11-17T19:25:08","guid":{"rendered":"https:\/\/rhinojewel.com\/formation\/"},"modified":"2025-05-26T19:05:37","modified_gmt":"2025-05-26T17:05:37","slug":"formation","status":"publish","type":"page","link":"https:\/\/rhinojewel.com\/fr\/formation\/","title":{"rendered":"Formation"},"content":{"rendered":"<div class=\"banner has-hover is-full-height has-parallax\" id=\"banner-1515430994\">\n          <div class=\"banner-inner fill\">\n        <div class=\"banner-bg fill\" data-parallax=\"-4\" data-parallax-container=\".banner\" data-parallax-background>\n            <div class=\"bg fill bg-fill bg-loaded\"><\/div>\n                        <div class=\"overlay\"><\/div>            \n                    <\/div>\n\t\t\n        <div class=\"banner-layers container\">\n            <a class=\"fill\" href=\"https:\/\/rhinojewel.com\/fr\/portfolio\/\"  ><div class=\"fill banner-link\"><\/div><\/a>            \n\n   <div id=\"text-box-1624835383\" class=\"text-box banner-layer x50 md-x50 lg-x50 y50 md-y50 lg-y50 res-text\">\n              <div data-parallax=\"-3\" data-parallax-fade=\"true\">       <div data-animate=\"fadeInUp\">           <div class=\"text-box-content text dark text-shadow-1\">\n              \n              <div class=\"text-inner text-center\">\n                  \n\n<h1 class=\"uppercase\"><strong>Formation \u00e0 la mod\u00e9lisation et \u00e0 la cr\u00e9ation de jeux 3D<\/strong><\/h1>\n<p class=\"lead\">Centre officiel o\u00f9 nous organisons des cours de mod\u00e9lisation et de cr\u00e9ation de joyaux en 3D, en groupes r\u00e9duits et des cours personnalis\u00e9s adapt\u00e9s \u00e0 vos besoins.<\/p>\n\n              <\/div>\n           <\/div>\n       <\/div>       <\/div>              \n<style>\n#text-box-1624835383 {\n  width: 100%;\n}\n#text-box-1624835383 .text-box-content {\n  font-size: 131%;\n}\n@media (min-width:550px) {\n  #text-box-1624835383 {\n    width: 59%;\n  }\n  #text-box-1624835383 .text-box-content {\n    font-size: 100%;\n  }\n}\n<\/style>\n    <\/div>\n \n\n        <\/div>\n      <\/div>\n\n            \n<style>\n#banner-1515430994 {\n  padding-top: 100%;\n}\n#banner-1515430994 .bg.bg-loaded {\n  background-image: url(https:\/\/rhinojewel.com\/wp-content\/uploads\/2016\/08\/dummy-2.jpg);\n}\n#banner-1515430994 .overlay {\n  background-color: rgba(0, 0, 0, 0.27);\n}\n#banner-1515430994 .bg {\n  background-position: 49% 43%;\n}\n#banner-1515430994 .ux-shape-divider--top svg {\n  height: 150px;\n  --divider-top-width: 100%;\n}\n#banner-1515430994 .ux-shape-divider--bottom svg {\n  height: 150px;\n  --divider-width: 100%;\n}\n<\/style>\n  <\/div>\n\n\n\t<section class=\"section\" id=\"section_1458852908\">\n\t\t<div class=\"bg section-bg fill bg-fill bg-loaded bg-loaded\" >\n\n\t\t\t\n\t\t\t\n\t\t\t\n\n\t\t<\/div>\n\n\t\t\n\n\t\t<div class=\"section-content relative\">\n\t\t\t\n\n\t<div id=\"gap-1069879252\" class=\"gap-element clearfix\" style=\"display:block; height:auto;\">\n\t\t\n<style>\n#gap-1069879252 {\n  padding-top: 30px;\n}\n<\/style>\n\t<\/div>\n\t\n\n<div class=\"row align-center\"  id=\"row-662650681\">\n\n\n\t<div id=\"col-498453109\" class=\"col medium-8 small-12 large-5\"  >\n\t\t\t\t<div class=\"col-inner text-center\"  >\n\t\t\t\n\t\t\t\n\n<h6>Formation<\/h6>\n\t<div id=\"text-1125553828\" class=\"text\">\n\t\t\n\n<h2>Notre cours<\/h2>\n\t\t\n<style>\n#text-1125553828 {\n  font-size: 1.75rem;\n}\n<\/style>\n\t<\/div>\n\t\n\n\t\t<\/div>\n\t\t\t\t\t<\/div>\n\n\t\n\n<\/div>\n<div class=\"row align-center\"  id=\"row-431834103\">\n\n\n\t<div id=\"col-941051206\" class=\"col medium-12 small-12 large-10\"  >\n\t\t\t\t<div class=\"col-inner\"  >\n\t\t\t\n\t\t\t\n\n<div class=\"row row-large\"  id=\"row-779547391\">\n\n\n\t<div id=\"col-1972247684\" class=\"col medium-6 small-12 large-6\"  >\n\t\t\t\t<div class=\"col-inner\"  >\n\t\t\t\n\t\t\t\n\n\n\t\t<div class=\"icon-box featured-box icon-box-left text-left\"  >\n\t\t\t\t\t<div class=\"icon-box-img has-icon-bg\" style=\"width: 55px\">\n\t\t\t\t<div class=\"icon\">\n\t\t\t\t\t<div class=\"icon-inner\" style=\"border-width:3px;color:rgb(39, 54, 71);\">\n\t\t\t\t\t\t<img width=\"120\" height=\"120\" src=\"https:\/\/rhinojewel.com\/wp-content\/uploads\/2023\/03\/computer-line.png\" class=\"attachment-medium size-medium\" alt=\"\" decoding=\"async\" loading=\"lazy\" srcset=\"https:\/\/rhinojewel.com\/wp-content\/uploads\/2023\/03\/computer-line.png 120w, https:\/\/rhinojewel.com\/wp-content\/uploads\/2023\/03\/computer-line-100x100.png 100w\" sizes=\"(max-width: 120px) 100vw, 120px\" \/>\t\t\t\t\t<\/div>\n\t\t\t\t<\/div>\n\t\t\t<\/div>\n\t\t\t\t<div class=\"icon-box-text last-reset\">\n\t\t\t\t\t\t\t\t\t\n\n\t<div id=\"text-2982692349\" class=\"text\">\n\t\t\n\n<h3>Pr\u00e9sentation de Rhinojewel<\/h3>\n\t\t\n<style>\n#text-2982692349 {\n  font-size: 1.25rem;\n}\n<\/style>\n\t<\/div>\n\t\n<p>Ce cours de base vous apprendra \u00e0 utiliser les principaux outils de Rhinojewel pour cr\u00e9er des mod\u00e8les 3D de bijoux et d&#8217;objets d&#8217;orf\u00e8vrerie.<\/p>\n\n\t\t<\/div>\n\t<\/div>\n\t\n\t\n\n\t\t<\/div>\n\t\t\t\t\t<\/div>\n\n\t\n\n\t<div id=\"col-21423042\" class=\"col medium-6 small-12 large-6\"  >\n\t\t\t\t<div class=\"col-inner\"  >\n\t\t\t\n\t\t\t\n\n\n\t\t<div class=\"icon-box featured-box icon-box-left text-left\"  >\n\t\t\t\t\t<div class=\"icon-box-img has-icon-bg\" style=\"width: 55px\">\n\t\t\t\t<div class=\"icon\">\n\t\t\t\t\t<div class=\"icon-inner\" style=\"border-width:3px;color:rgb(39, 54, 71);\">\n\t\t\t\t\t\t<img width=\"120\" height=\"120\" src=\"https:\/\/rhinojewel.com\/wp-content\/uploads\/2023\/03\/settings-4-line-1.png\" class=\"attachment-medium size-medium\" alt=\"\" decoding=\"async\" loading=\"lazy\" srcset=\"https:\/\/rhinojewel.com\/wp-content\/uploads\/2023\/03\/settings-4-line-1.png 120w, https:\/\/rhinojewel.com\/wp-content\/uploads\/2023\/03\/settings-4-line-1-100x100.png 100w\" sizes=\"(max-width: 120px) 100vw, 120px\" \/>\t\t\t\t\t<\/div>\n\t\t\t\t<\/div>\n\t\t\t<\/div>\n\t\t\t\t<div class=\"icon-box-text last-reset\">\n\t\t\t\t\t\t\t\t\t\n\n\t<div id=\"text-1278052611\" class=\"text\">\n\t\t\n\n<h3>Texture et patrons<\/h3>\n\t\t\n<style>\n#text-1278052611 {\n  font-size: 1.25rem;\n}\n<\/style>\n\t<\/div>\n\t\n<p>D\u00e9couvrez comment utiliser les outils de texturation et les patrons de Rhinojewel pour ajouter des d\u00e9tails uniques et personnalis\u00e9s \u00e0 vos mod\u00e8les de jouets et d&#8217;objets de d\u00e9coration.<\/p>\n\n\t\t<\/div>\n\t<\/div>\n\t\n\t\n\n\t\t<\/div>\n\t\t\t\t\t<\/div>\n\n\t\n\n\t<div id=\"col-1611614352\" class=\"col medium-6 small-12 large-6\"  >\n\t\t\t\t<div class=\"col-inner\"  >\n\t\t\t\n\t\t\t\n\n\t<div id=\"gap-1814313684\" class=\"gap-element clearfix\" style=\"display:block; height:auto;\">\n\t\t\n<style>\n#gap-1814313684 {\n  padding-top: 15px;\n}\n<\/style>\n\t<\/div>\n\t\n\n\n\t\t<div class=\"icon-box featured-box icon-box-left text-left\"  >\n\t\t\t\t\t<div class=\"icon-box-img has-icon-bg\" style=\"width: 55px\">\n\t\t\t\t<div class=\"icon\">\n\t\t\t\t\t<div class=\"icon-inner\" style=\"border-width:3px;color:rgb(39, 54, 71);\">\n\t\t\t\t\t\t<img width=\"120\" height=\"120\" src=\"https:\/\/rhinojewel.com\/wp-content\/uploads\/2023\/03\/stack-line-1.png\" class=\"attachment-medium size-medium\" alt=\"\" decoding=\"async\" loading=\"lazy\" srcset=\"https:\/\/rhinojewel.com\/wp-content\/uploads\/2023\/03\/stack-line-1.png 120w, https:\/\/rhinojewel.com\/wp-content\/uploads\/2023\/03\/stack-line-1-100x100.png 100w\" sizes=\"(max-width: 120px) 100vw, 120px\" \/>\t\t\t\t\t<\/div>\n\t\t\t\t<\/div>\n\t\t\t<\/div>\n\t\t\t\t<div class=\"icon-box-text last-reset\">\n\t\t\t\t\t\t\t\t\t\n\n\t<div id=\"text-47032558\" class=\"text\">\n\t\t\n\n<h3>Conception et cr\u00e9ation avec Rhinojewel<\/h3>\n\t\t\n<style>\n#text-47032558 {\n  font-size: 1.25rem;\n}\n<\/style>\n\t<\/div>\n\t\n<p>Ce cours de base vous apprendra \u00e0 utiliser les principaux outils de Rhinojewel pour cr\u00e9er des mod\u00e8les 3D de bijoux et d&#8217;objets d&#8217;orf\u00e8vrerie.<\/p>\n\n\t\t<\/div>\n\t<\/div>\n\t\n\t\n\n\t\t<\/div>\n\t\t\t\t\t<\/div>\n\n\t\n\n\t<div id=\"col-1177018549\" class=\"col medium-6 small-12 large-6\"  >\n\t\t\t\t<div class=\"col-inner\"  >\n\t\t\t\n\t\t\t\n\n\t<div id=\"gap-1673084621\" class=\"gap-element clearfix\" style=\"display:block; height:auto;\">\n\t\t\n<style>\n#gap-1673084621 {\n  padding-top: 15px;\n}\n<\/style>\n\t<\/div>\n\t\n\n\n\t\t<div class=\"icon-box featured-box icon-box-left text-left\"  >\n\t\t\t\t\t<div class=\"icon-box-img has-icon-bg\" style=\"width: 55px\">\n\t\t\t\t<div class=\"icon\">\n\t\t\t\t\t<div class=\"icon-inner\" style=\"border-width:3px;color:rgb(39, 54, 71);\">\n\t\t\t\t\t\t<img width=\"120\" height=\"120\" src=\"https:\/\/rhinojewel.com\/wp-content\/uploads\/2023\/03\/customer-service-line.png\" class=\"attachment-medium size-medium\" alt=\"\" decoding=\"async\" loading=\"lazy\" srcset=\"https:\/\/rhinojewel.com\/wp-content\/uploads\/2023\/03\/customer-service-line.png 120w, https:\/\/rhinojewel.com\/wp-content\/uploads\/2023\/03\/customer-service-line-100x100.png 100w\" sizes=\"(max-width: 120px) 100vw, 120px\" \/>\t\t\t\t\t<\/div>\n\t\t\t\t<\/div>\n\t\t\t<\/div>\n\t\t\t\t<div class=\"icon-box-text last-reset\">\n\t\t\t\t\t\t\t\t\t\n\n\t<div id=\"text-3884135933\" class=\"text\">\n\t\t\n\n<h3>Modulacion y Matriz<\/h3>\n\t\t\n<style>\n#text-3884135933 {\n  font-size: 1.25rem;\n}\n<\/style>\n\t<\/div>\n\t\n<p>Ce cours avanc\u00e9 vous apprendra \u00e0 utiliser Rhinojewel pour cr\u00e9er des moules et des matrices de mani\u00e8re automatique, ce qui vous permettra de produire vos mod\u00e8les en s\u00e9rie de mani\u00e8re efficace et rentable.<\/p>\n\n\t\t<\/div>\n\t<\/div>\n\t\n\t\n\n\t\t<\/div>\n\t\t\t\t\t<\/div>\n\n\t\n\n<\/div>\n\n\t\t<\/div>\n\t\t\t\t\t<\/div>\n\n\t\n\n<\/div>\n\n\t\t<\/div>\n\n\t\t\n<style>\n#section_1458852908 {\n  padding-top: 25px;\n  padding-bottom: 25px;\n}\n#section_1458852908 .ux-shape-divider--top svg {\n  height: 150px;\n  --divider-top-width: 100%;\n}\n#section_1458852908 .ux-shape-divider--bottom svg {\n  height: 150px;\n  --divider-width: 100%;\n}\n@media (min-width:850px) {\n  #section_1458852908 {\n    padding-top: 50px;\n    padding-bottom: 50px;\n  }\n}\n<\/style>\n\t<\/section>\n\t\n\t<section class=\"section\" id=\"section_760184044\">\n\t\t<div class=\"bg section-bg fill bg-fill bg-loaded bg-loaded\" >\n\n\t\t\t\n\t\t\t<div class=\"section-bg-overlay absolute fill\"><\/div>\n\t\t\t\n\n\t\t<\/div>\n\n\t\t\n\n\t\t<div class=\"section-content relative\">\n\t\t\t\n\n<div class=\"row row-large align-middle\"  id=\"row-682857342\">\n\n\n\t<div id=\"col-1287694749\" class=\"col medium-6 small-6 large-6\"  >\n\t\t\t\t<div class=\"col-inner text-left\"  >\n\t\t\t\n\t\t\t\n\n<h2>Section avec droit \u00e0 l&#8217;image<\/h2>\n<p>Lorem ipsum dolor sit amet, consectetuer adipiscing elit, sed diam nonummy nibh euismod tincidunt ut laoreet dolore magna aliquam erat volutpat.<\/p>\n\n\t\t<\/div>\n\t\t\t\t\t<\/div>\n\n\t\n\n\t<div id=\"col-1983773610\" class=\"col medium-6 small-6 large-6\"  >\n\t\t\t\t<div class=\"col-inner\"  >\n\t\t\t\n\t\t\t\n\n<div class=\"uxb-no-content uxb-image\">Upload Image...<\/div>\n\n\n\t\t<\/div>\n\t\t\t\t\t<\/div>\n\n\t\n\n<\/div>\n\n\t\t<\/div>\n\n\t\t\n<style>\n#section_760184044 {\n  padding-top: 60px;\n  padding-bottom: 60px;\n  background-color: rgb(193, 193, 193);\n}\n#section_760184044 .section-bg-overlay {\n  background-color: rgba(255, 255, 255, 0.85);\n}\n#section_760184044 .ux-shape-divider--top svg {\n  height: 150px;\n  --divider-top-width: 100%;\n}\n#section_760184044 .ux-shape-divider--bottom svg {\n  height: 150px;\n  --divider-width: 100%;\n}\n<\/style>\n\t<\/section>\n\t\n\t<section class=\"section\" id=\"section_2086088392\">\n\t\t<div class=\"bg section-bg fill bg-fill bg-loaded bg-loaded\" >\n\n\t\t\t\n\t\t\t<div class=\"section-bg-overlay absolute fill\"><\/div>\n\t\t\t\n\t<div class=\"is-border\"\n\t\tstyle=\"border-color:rgb(235, 235, 235);border-width:1px 0px 0px 0px;\">\n\t<\/div>\n\n\t\t<\/div>\n\n\t\t\n\n\t\t<div class=\"section-content relative\">\n\t\t\t\n\n<div class=\"row row-large align-middle align-center\"  id=\"row-2124631377\">\n\n\n\t<div id=\"col-1377952220\" class=\"col medium-6 small-12 large-6\"  >\n\t\t\t\t<div class=\"col-inner\"  >\n\t\t\t\n\t\t\t\n\n<div class=\"uxb-no-content uxb-image\">Upload Image...<\/div>\n\n\n\t\t<\/div>\n\t\t\t\t\t<\/div>\n\n\t\n\n\t<div id=\"col-77753961\" class=\"col medium-6 small-6 large-6\"  >\n\t\t\t\t<div class=\"col-inner text-center dark\"  >\n\t\t\t\n\t\t\t\n\n<h2>Section sombre avec contenu \u00e0 gauche<\/h2>\n<p>Lorem ipsum dolor sit amet, consectetuer adipiscing elit, sed diam nonummy nibh euismod tincidunt ut laoreet dolore magna aliquam erat volutpat.<\/p>\n\n\t\t<\/div>\n\t\t\t\t\t<\/div>\n\n\t\n\n<\/div>\n\n\t\t<\/div>\n\n\t\t\n<style>\n#section_2086088392 {\n  padding-top: 59px;\n  padding-bottom: 59px;\n  min-height: 300px;\n  background-color: rgb(171, 171, 171);\n}\n#section_2086088392 .section-bg-overlay {\n  background-color: rgba(0, 0, 0, 0.78);\n}\n#section_2086088392 .ux-shape-divider--top svg {\n  height: 150px;\n  --divider-top-width: 100%;\n}\n#section_2086088392 .ux-shape-divider--bottom svg {\n  height: 150px;\n  --divider-width: 100%;\n}\n<\/style>\n\t<\/section>","protected":false},"excerpt":{"rendered":"","protected":false},"author":1,"featured_media":1044,"parent":0,"menu_order":3,"comment_status":"closed","ping_status":"closed","template":"page-blank.php","meta":[],"_links":{"self":[{"href":"https:\/\/rhinojewel.com\/fr\/wp-json\/wp\/v2\/pages\/1514"}],"collection":[{"href":"https:\/\/rhinojewel.com\/fr\/wp-json\/wp\/v2\/pages"}],"about":[{"href":"https:\/\/rhinojewel.com\/fr\/wp-json\/wp\/v2\/types\/page"}],"author":[{"embeddable":true,"href":"https:\/\/rhinojewel.com\/fr\/wp-json\/wp\/v2\/users\/1"}],"replies":[{"embeddable":true,"href":"https:\/\/rhinojewel.com\/fr\/wp-json\/wp\/v2\/comments?post=1514"}],"version-history":[{"count":2,"href":"https:\/\/rhinojewel.com\/fr\/wp-json\/wp\/v2\/pages\/1514\/revisions"}],"predecessor-version":[{"id":2036,"href":"https:\/\/rhinojewel.com\/fr\/wp-json\/wp\/v2\/pages\/1514\/revisions\/2036"}],"wp:featuredmedia":[{"embeddable":true,"href":"https:\/\/rhinojewel.com\/fr\/wp-json\/wp\/v2\/media\/1044"}],"wp:attachment":[{"href":"https:\/\/rhinojewel.com\/fr\/wp-json\/wp\/v2\/media?parent=1514"}],"curies":[{"name":"wp","href":"https:\/\/api.w.org\/{rel}","templated":true}]}}