{"id":2043,"date":"2025-05-12T19:59:04","date_gmt":"2025-05-12T17:59:04","guid":{"rendered":"https:\/\/rhinojewel.com\/?post_type=product&#038;p=2043"},"modified":"2025-05-26T20:10:20","modified_gmt":"2025-05-26T18:10:20","slug":"rhinojewel-8-0-for-windows-students-and-faculty","status":"publish","type":"product","link":"https:\/\/rhinojewel.com\/es\/shop\/rhinojewel-8-0-for-windows-students-and-faculty\/","title":{"rendered":"Rhinojewel 8.0 for Windows Students and Faculty"},"content":{"rendered":"<p><strong>Los precios internacionales pueden variar. <\/strong><br \/>\n<strong>Los precios no incluyen impuestos.<\/strong><br \/>\n<strong>Todos los productos son enviados electr\u00f3nicamente.<\/strong><br \/>\n<strong>Nota: Todas las licencias son permanentes y no caducan. Los precios incluyen el servicio de soporte y comunicados de prensa para la versi\u00f3n actual. No hay cuotas de mantenimiento.<\/strong><\/p>\n<h3>Actualizaciones<\/h3>\n<p>Rhinojewel is a professional software integrated with the powerful 3D modeler Rhino 8.0 for Windows, allowing you to easily, quickly, and accurately design all types of jewelry, costume jewelry, and luxury items. Rhinojewel 8.0 is compatible with Rhino 8.0 for Windows 64-bit.<\/p>\n<h3>El Software<\/h3>\n<p>Este software es perfecto tanto para principiantes como para expertos en el dise\u00f1o en 3D. Ofrece una amplia gama de especialidad de la joyer\u00eda de herramientas que ayuden en cada etapa del proceso de dise\u00f1o. Rhinojewel permite dar forma a sus creaciones de manera m\u00e1s eficiente que los tradicionales artesanales los procesos, ya sea de elaboraci\u00f3n simple de la joyer\u00eda o el de la creaci\u00f3n t\u00e9cnicamente complejos y sorprendentes piezas.<\/p>\n<h3>Interfaz Y Edici\u00f3n<\/h3>\n<p>Los modelos creados con Rhinojewel puede ser utilizado para generar excepcionales im\u00e1genes fotorrealistas y videos (echa un vistazo a nuestra Galer\u00eda) que usted puede f\u00e1cilmente escaparate para sus clientes a trav\u00e9s de Whatsapp, Instagram, o en otras plataformas. Crear im\u00e1genes realistas en segundos y v\u00eddeos en tan solo unos minutos. Ahora, la publicaci\u00f3n de un v\u00eddeo de tus dise\u00f1os para que el mundo vea que es s\u00f3lo un par de clics de distancia.<\/p>","protected":false},"excerpt":{"rendered":"<p>International prices may vary. Prices do not include taxes. All products are shipped electronically. Note: All licenses are permanent and do not expire. Prices include support and service releases for the current version. There are no maintenance\u00a0fees. Updates Rhinojewel is a professional software integrated with the powerful 3D modeler Rhino 8.0 for Windows, allowing you [&#8230;]","protected":false},"featured_media":2061,"template":"","meta":[],"product_cat":[69],"product_tag":[],"_links":{"self":[{"href":"https:\/\/rhinojewel.com\/es\/wp-json\/wp\/v2\/product\/2043"}],"collection":[{"href":"https:\/\/rhinojewel.com\/es\/wp-json\/wp\/v2\/product"}],"about":[{"href":"https:\/\/rhinojewel.com\/es\/wp-json\/wp\/v2\/types\/product"}],"wp:featuredmedia":[{"embeddable":true,"href":"https:\/\/rhinojewel.com\/es\/wp-json\/wp\/v2\/media\/2061"}],"wp:attachment":[{"href":"https:\/\/rhinojewel.com\/es\/wp-json\/wp\/v2\/media?parent=2043"}],"wp:term":[{"taxonomy":"product_cat","embeddable":true,"href":"https:\/\/rhinojewel.com\/es\/wp-json\/wp\/v2\/product_cat?post=2043"},{"taxonomy":"product_tag","embeddable":true,"href":"https:\/\/rhinojewel.com\/es\/wp-json\/wp\/v2\/product_tag?post=2043"}],"curies":[{"name":"wp","href":"https:\/\/api.w.org\/{rel}","templated":true}]}}