{"id":78,"date":"2016-02-18T15:10:52","date_gmt":"2016-02-18T14:10:52","guid":{"rendered":"http:\/\/flatsome.dev\/?page_id=4041"},"modified":"2025-05-26T19:48:52","modified_gmt":"2025-05-26T17:48:52","slug":"home","status":"publish","type":"page","link":"https:\/\/rhinojewel.com\/es\/","title":{"rendered":"Home"},"content":{"rendered":"<div class=\"banner has-hover has-video is-full-height\" id=\"banner-458172942\">\n          <div class=\"banner-inner fill\">\n        <div class=\"banner-bg fill\" >\n            <div class=\"bg fill bg-fill bg-loaded\"><\/div>\n            \t<div class=\"video-overlay no-click fill visible\"><\/div>\n\t<video class=\"video-bg fill visible\" preload playsinline autoplay muted loop>\n\t\t<source src=\"https:\/\/rhinojewel.com\/wp-content\/uploads\/2023\/03\/Anillo_corto_1920x800.mp4\" type=\"video\/mp4\">\t<\/video>\n            <div class=\"overlay\"><\/div>            \n                    <\/div>\n\t\t\n        <div class=\"banner-layers container\">\n            <div class=\"fill banner-link\"><\/div>            \n\n   <div id=\"text-box-985733715\" class=\"text-box banner-layer x90 md-x90 lg-x90 y50 md-y50 lg-y50 res-text\">\n                                <div class=\"text-box-content text dark\">\n              \n              <div class=\"text-inner text-center\">\n                  \n\n\t<div id=\"text-2463171923\" class=\"text\">\n\t\t\n\n<h4><span style=\"color: #cccbcb;\">Rhino<\/span><span style=\"color: #f8c731;\">jewel 8.0<\/span><\/h4>\n<h3 class=\"uppercase\">imagina, crea<br>y visualiza tus joyas.<\/h3>\n<p>Transforma Rhino en una potente herramienta para crear joyas con Rhinojewel. A\u00f1ade piedras preciosas y materiales gemol\u00f3gicos, crea pav\u00e9s y texturas precisas, genera im\u00e1genes y v\u00eddeos para tus redes sociales. Rhinojewel multiplica la potencia de Rhino, permiti\u00e9ndote crear impresionantes dise\u00f1os de joyer\u00eda con facilidad y fluidez.<\/p>\n\t\t\n<style>\n#text-2463171923 {\n  font-size: 0.9rem;\n  text-align: right;\n}\n@media (min-width:550px) {\n  #text-2463171923 {\n    font-size: 1.2rem;\n    text-align: left;\n  }\n}\n<\/style>\n\t<\/div>\n\t\n<a href=\"https:\/\/rhinojewel.com\/es\/my-account\/\" target=\"_self\" class=\"button primary box-shadow-5 box-shadow-5-hover lowercase\"  style=\"border-radius:14px;padding:0px 10px 0px 10px;\">\n    <span>Descargar 30 d\u00edas de prueba<\/span>\n  <\/a>\n\n\n\n              <\/div>\n           <\/div>\n                            \n<style>\n#text-box-985733715 {\n  width: 60%;\n}\n#text-box-985733715 .text-box-content {\n  font-size: 100%;\n}\n@media (min-width:550px) {\n  #text-box-985733715 {\n    width: 40%;\n  }\n}\n<\/style>\n    <\/div>\n \n\n        <\/div>\n      <\/div>\n\n            \n<style>\n#banner-458172942 {\n  padding-top: 100%;\n}\n#banner-458172942 .overlay {\n  background-color: rgba(0, 0, 0, 0.31);\n}\n#banner-458172942 .ux-shape-divider--top svg {\n  height: 150px;\n  --divider-top-width: 100%;\n}\n#banner-458172942 .ux-shape-divider--bottom svg {\n  height: 150px;\n  --divider-width: 100%;\n}\n<\/style>\n  <\/div>\n\n\n<div class=\"slider-wrapper relative\" id=\"slider-1563438837\" >\n    <div class=\"slider slider-nav-circle slider-nav-large slider-nav-light slider-style-normal\"\n        data-flickity-options='{            \"cellAlign\": \"center\",            \"imagesLoaded\": true,            \"lazyLoad\": 1,            \"freeScroll\": false,            \"wrapAround\": true,            \"autoPlay\": 6000,            \"pauseAutoPlayOnHover\" : true,            \"prevNextButtons\": true,            \"contain\" : true,            \"adaptiveHeight\" : true,            \"dragThreshold\" : 10,            \"percentPosition\": true,            \"pageDots\": true,            \"rightToLeft\": false,            \"draggable\": true,            \"selectedAttraction\": 0.1,            \"parallax\" : 0,            \"friction\": 0.6        }'\n        >\n        \n\n\n     <\/div>\n\n     <div class=\"loading-spin dark large centered\"><\/div>\n\n     \t<\/div>\n\n\n<div class=\"row row-collapse row-full-width align-middle align-center\"  id=\"row-197869110\">\n\n\n\t<div id=\"col-1448418317\" class=\"col medium-12 small-12 large-5\"  >\n\t\t\t\t<div class=\"col-inner text-left\"  >\n\t\t\t\n\t\t\t\n\n\t<div id=\"text-3349304529\" class=\"text\">\n\t\t\n\n<h3><span style=\"color: grey;\">Rhino<\/span>jewel 8.0<\/h3>\n\t\t\n<style>\n#text-3349304529 {\n  font-size: 2rem;\n  line-height: 1;\n  color: rgb(248, 199, 49);\n}\n#text-3349304529 > * {\n  color: rgb(248, 199, 49);\n}\n@media (min-width:550px) {\n  #text-3349304529 {\n    font-size: 2.15rem;\n  }\n}\n<\/style>\n\t<\/div>\n\t\n<div class=\"is-divider divider clearfix\" style=\"max-width:80px;background-color:rgb(39, 54, 71);\"><\/div>\n\n\t<div id=\"text-950915883\" class=\"text\">\n\t\t\n\n<p>\nDesde el a\u00f1o 2000, Techjewel, la compa\u00f1\u00eda que ha desarrollado Rhinojewel, tiene como objetivo proporcionar tecnolog\u00eda a joyeros interesados en crear sus propios dise\u00f1os 3D, siguiendo con la pol\u00edtica de precios accesibles de Rhino.\n<\/p>\n\t\t\n<style>\n#text-950915883 {\n  text-align: left;\n  color: rgb(57, 53, 53);\n}\n#text-950915883 > * {\n  color: rgb(57, 53, 53);\n}\n<\/style>\n\t<\/div>\n\t\n<a href=\"https:\/\/rhinojewel.com\/es\/my-account\/\" target=\"_self\" class=\"button primary box-shadow-5-hover lowercase expand\"  style=\"border-radius:14px;\">\n    <span>Descargar 30 d\u00edas de prueba<\/span>\n  <i class=\"icon-angle-right\" aria-hidden=\"true\" ><\/i><\/a>\n\n\n\n\t\t<\/div>\n\t\t\t\t\n<style>\n#col-1448418317 > .col-inner {\n  padding: 40px 15% 30px 15%;\n}\n@media (min-width:550px) {\n  #col-1448418317 > .col-inner {\n    padding: 60px 15% 60px 15%;\n  }\n}\n@media (min-width:850px) {\n  #col-1448418317 > .col-inner {\n    padding: 5% 8% 5% 10%;\n  }\n}\n<\/style>\n\t<\/div>\n\n\t\n\n\t<div id=\"col-1628086905\" class=\"col medium-12 small-12 large-7\"  >\n\t\t\t\t<div class=\"col-inner text-left text-shadow-1\"  >\n\t\t\t\n\t\t\t\n\n\t<section class=\"section dark\" id=\"section_1475585834\">\n\t\t<div class=\"bg section-bg fill bg-fill bg-loaded bg-loaded\" >\n\n\t\t\t\n\t\t\t\n\t\t\t\n\n\t\t<\/div>\n\n\t\t\n\n\t\t<div class=\"section-content relative\">\n\t\t\t\n\n<div class=\"row\"  id=\"row-550295830\">\n\n\n\t<div id=\"col-1092991106\" class=\"col medium-10 small-12 large-10\"  >\n\t\t\t\t<div class=\"col-inner\"  >\n\t\t\t\n\t\t\t\n\n\t<div id=\"gap-1798587643\" class=\"gap-element clearfix\" style=\"display:block; height:auto;\">\n\t\t\n<style>\n#gap-1798587643 {\n  padding-top: 30px;\n}\n<\/style>\n\t<\/div>\n\t\n\n\n\t\t<div class=\"icon-box featured-box icon-box-left text-left\"  >\n\t\t\t\t\t<div class=\"icon-box-img has-icon-bg\" style=\"width: 90px\">\n\t\t\t\t<div class=\"icon\">\n\t\t\t\t\t<div class=\"icon-inner\" style=\"border-width:4px;color:rgb(248, 199, 49);\">\n\t\t\t\t\t\t<img width=\"400\" height=\"400\" src=\"https:\/\/rhinojewel.com\/wp-content\/uploads\/2023\/09\/jewelry-400x400.png\" class=\"attachment-medium size-medium\" alt=\"\" decoding=\"async\" loading=\"lazy\" srcset=\"https:\/\/rhinojewel.com\/wp-content\/uploads\/2023\/09\/jewelry-400x400.png 400w, https:\/\/rhinojewel.com\/wp-content\/uploads\/2023\/09\/jewelry-280x280.png 280w, https:\/\/rhinojewel.com\/wp-content\/uploads\/2023\/09\/jewelry-12x12.png 12w, https:\/\/rhinojewel.com\/wp-content\/uploads\/2023\/09\/jewelry-510x510.png 510w, https:\/\/rhinojewel.com\/wp-content\/uploads\/2023\/09\/jewelry-100x100.png 100w, https:\/\/rhinojewel.com\/wp-content\/uploads\/2023\/09\/jewelry.png 512w\" sizes=\"(max-width: 400px) 100vw, 400px\" \/>\t\t\t\t\t<\/div>\n\t\t\t\t<\/div>\n\t\t\t<\/div>\n\t\t\t\t<div class=\"icon-box-text last-reset\">\n\t\t\t\t\t\t\t\t\t\n\n\t<div id=\"text-3140458728\" class=\"text\">\n\t\t\n\n<h3>3D Dise\u00f1o de Joyas<\/h3>\n\t\t\n<style>\n#text-3140458728 {\n  font-size: 1.25rem;\n  color: rgb(248, 199, 49);\n}\n#text-3140458728 > * {\n  color: rgb(248, 199, 49);\n}\n<\/style>\n\t<\/div>\n\t\n\t<div id=\"text-2306789572\" class=\"text\">\n\t\t\n\n<p>Rhinojewel es un software profesional para el dise\u00f1o de joyas que se integra con el potente modelador 3D Rhino 8.0 para Windows. Permite modelar con facilidad, rapidez y precisi\u00f3n todo tipo de joyas y objetos de lujo. Puede ser utilizado con Rhino 8.0 para Windows de 64 bits, aunque se recomienda la versi\u00f3n Rhino 8 para poder aprovechar las \u00faltimas funcionalidades y potenciar las herramientas de Rhinojewel 8.<\/p>\n\t\t\n<style>\n#text-2306789572 {\n  color: rgb(255, 255, 255);\n}\n#text-2306789572 > * {\n  color: rgb(255, 255, 255);\n}\n<\/style>\n\t<\/div>\n\t\n\n\t\t<\/div>\n\t<\/div>\n\t\n\t\n\t<div id=\"gap-2121599042\" class=\"gap-element clearfix\" style=\"display:block; height:auto;\">\n\t\t\n<style>\n#gap-2121599042 {\n  padding-top: 40px;\n}\n<\/style>\n\t<\/div>\n\t\n\n\n\t\t<div class=\"icon-box featured-box icon-box-left text-left\"  >\n\t\t\t\t\t<div class=\"icon-box-img has-icon-bg\" style=\"width: 90px\">\n\t\t\t\t<div class=\"icon\">\n\t\t\t\t\t<div class=\"icon-inner\" style=\"border-width:4px;color:rgb(248, 199, 49);\">\n\t\t\t\t\t\t<img width=\"400\" height=\"400\" src=\"https:\/\/rhinojewel.com\/wp-content\/uploads\/2023\/09\/vector-400x400.png\" class=\"attachment-medium size-medium\" alt=\"\" decoding=\"async\" loading=\"lazy\" srcset=\"https:\/\/rhinojewel.com\/wp-content\/uploads\/2023\/09\/vector-400x400.png 400w, https:\/\/rhinojewel.com\/wp-content\/uploads\/2023\/09\/vector-280x280.png 280w, https:\/\/rhinojewel.com\/wp-content\/uploads\/2023\/09\/vector-12x12.png 12w, https:\/\/rhinojewel.com\/wp-content\/uploads\/2023\/09\/vector-510x510.png 510w, https:\/\/rhinojewel.com\/wp-content\/uploads\/2023\/09\/vector-100x100.png 100w, https:\/\/rhinojewel.com\/wp-content\/uploads\/2023\/09\/vector.png 512w\" sizes=\"(max-width: 400px) 100vw, 400px\" \/>\t\t\t\t\t<\/div>\n\t\t\t\t<\/div>\n\t\t\t<\/div>\n\t\t\t\t<div class=\"icon-box-text last-reset\">\n\t\t\t\t\t\t\t\t\t\n\n\t<div id=\"text-2108166913\" class=\"text\">\n\t\t\n\n<h3>Dise\u00f1o para Todos los Niveles<\/h3>\n\t\t\n<style>\n#text-2108166913 {\n  font-size: 1.25rem;\n  color: rgb(248, 199, 49);\n}\n#text-2108166913 > * {\n  color: rgb(248, 199, 49);\n}\n<\/style>\n\t<\/div>\n\t\n<p>Este software es ideal tanto para principiantes como para expertos en dise\u00f1o 3D. Ofrece una amplia gama de herramientas especializadas en joyer\u00eda que asisten en cada etapa del proceso de dise\u00f1o. Rhinojewel te permite dar forma a tus creaciones de manera m\u00e1s eficiente que los procesos artesanales tradicionales, ya sea para crear joyer\u00eda simple o piezas t\u00e9cnicamente complejas.<\/p>\n\n\t\t<\/div>\n\t<\/div>\n\t\n\t\n\t<div id=\"gap-481879589\" class=\"gap-element clearfix\" style=\"display:block; height:auto;\">\n\t\t\n<style>\n#gap-481879589 {\n  padding-top: 40px;\n}\n<\/style>\n\t<\/div>\n\t\n\n\n\t\t<div class=\"icon-box featured-box icon-box-left text-left\"  >\n\t\t\t\t\t<div class=\"icon-box-img has-icon-bg\" style=\"width: 90px\">\n\t\t\t\t<div class=\"icon\">\n\t\t\t\t\t<div class=\"icon-inner\" style=\"border-width:4px;color:rgb(248, 199, 49);\">\n\t\t\t\t\t\t<img width=\"400\" height=\"400\" src=\"https:\/\/rhinojewel.com\/wp-content\/uploads\/2023\/09\/portfolio-400x400.png\" class=\"attachment-medium size-medium\" alt=\"\" decoding=\"async\" loading=\"lazy\" srcset=\"https:\/\/rhinojewel.com\/wp-content\/uploads\/2023\/09\/portfolio-400x400.png 400w, https:\/\/rhinojewel.com\/wp-content\/uploads\/2023\/09\/portfolio-280x280.png 280w, https:\/\/rhinojewel.com\/wp-content\/uploads\/2023\/09\/portfolio-12x12.png 12w, https:\/\/rhinojewel.com\/wp-content\/uploads\/2023\/09\/portfolio-510x510.png 510w, https:\/\/rhinojewel.com\/wp-content\/uploads\/2023\/09\/portfolio-100x100.png 100w, https:\/\/rhinojewel.com\/wp-content\/uploads\/2023\/09\/portfolio.png 512w\" sizes=\"(max-width: 400px) 100vw, 400px\" \/>\t\t\t\t\t<\/div>\n\t\t\t\t<\/div>\n\t\t\t<\/div>\n\t\t\t\t<div class=\"icon-box-text last-reset\">\n\t\t\t\t\t\t\t\t\t\n\n\t<div id=\"text-3310845411\" class=\"text\">\n\t\t\n\n<h3> Comparte Tus Creaciones<\/h3>\n\t\t\n<style>\n#text-3310845411 {\n  font-size: 1.25rem;\n  color: rgb(248, 199, 49);\n}\n#text-3310845411 > * {\n  color: rgb(248, 199, 49);\n}\n<\/style>\n\t<\/div>\n\t\n<p>Los modelos creados con Rhinojewel pueden utilizarse para generar im\u00e1genes y videos  (ver Galer\u00eda) que puedes mostrar f\u00e1cilmente a tus clientes a trav\u00e9s de WhatsApp, Instagram u otras plataformas. Crea im\u00e1genes realistas en segundos y videos en tan solo unos minutos. Ahora, publicar un video de tus dise\u00f1os est\u00e1 a solo unos clics de distancia.<\/p>\n\n\t\t<\/div>\n\t<\/div>\n\t\n\t\n\n\t\t<\/div>\n\t\t\t\t\n<style>\n#col-1092991106 > .col-inner {\n  padding: 0px 0px 0px 0;\n}\n@media (min-width:550px) {\n  #col-1092991106 > .col-inner {\n    padding: 5% 0px 5% 5%;\n  }\n}\n<\/style>\n\t<\/div>\n\n\t\n\n<\/div>\n\n\t\t<\/div>\n\n\t\t\n<style>\n#section_1475585834 {\n  padding-top: 0px;\n  padding-bottom: 0px;\n  min-height: 440px;\n  background-color: rgba(44, 49, 50, 0.674);\n}\n#section_1475585834 .ux-shape-divider--top svg {\n  height: 150px;\n  --divider-top-width: 100%;\n}\n#section_1475585834 .ux-shape-divider--bottom svg {\n  height: 150px;\n  --divider-width: 100%;\n}\n@media (min-width:550px) {\n  #section_1475585834 {\n    min-height: 500px;\n  }\n}\n@media (min-width:850px) {\n  #section_1475585834 {\n    min-height: 750px;\n  }\n}\n<\/style>\n\t<\/section>\n\t\n\n\t\t<\/div>\n\t\t\t\t\t<\/div>\n\n\t\n\n<\/div>\n\t<section class=\"section\" id=\"section_1724370354\">\n\t\t<div class=\"bg section-bg fill bg-fill bg-loaded bg-loaded\" >\n\n\t\t\t\n\t\t\t<div class=\"section-bg-overlay absolute fill\"><\/div>\n\t\t\t\n\t<div class=\"is-border\"\n\t\tstyle=\"border-width:1px 0px 1px 0px;\">\n\t<\/div>\n\n\t\t<\/div>\n\n\t\t\n\n\t\t<div class=\"section-content relative\">\n\t\t\t\n\n<div class=\"row row-large align-middle\"  id=\"row-1719144515\">\n\n\n\t<div id=\"col-1512680385\" class=\"col medium-6 small-12 large-6\"  >\n\t\t\t\t<div class=\"col-inner\"  >\n\t\t\t\n\t\t\t\n\n\t<div class=\"img has-hover x md-x lg-x y md-y lg-y\" id=\"image_1536585276\">\n\t\t\t\t\t\t\t\t<div class=\"img-inner box-shadow-2 dark\" >\n\t\t\t\t\t\t\t\t\t\n\t\t\t\t\t<\/div>\n\t\t\t\t\t\t\t\t\n<style>\n#image_1536585276 {\n  width: 100%;\n}\n<\/style>\n\t<\/div>\n\t\n\n\t<div class=\"img has-hover x md-x lg-x y md-y lg-y\" id=\"image_1831132333\">\n\t\t\t\t\t\t\t\t<div class=\"img-inner image-cover dark\" style=\"padding-top:75%;\">\n\t\t\t<img width=\"1920\" height=\"1700\" src=\"https:\/\/rhinojewel.com\/wp-content\/uploads\/2023\/03\/01en_1920r-copia4.jpg\" class=\"attachment-original size-original\" alt=\"\" decoding=\"async\" loading=\"lazy\" srcset=\"https:\/\/rhinojewel.com\/wp-content\/uploads\/2023\/03\/01en_1920r-copia4.jpg 1920w, https:\/\/rhinojewel.com\/wp-content\/uploads\/2023\/03\/01en_1920r-copia4-510x452.jpg 510w, https:\/\/rhinojewel.com\/wp-content\/uploads\/2023\/03\/01en_1920r-copia4-452x400.jpg 452w, https:\/\/rhinojewel.com\/wp-content\/uploads\/2023\/03\/01en_1920r-copia4-904x800.jpg 904w, https:\/\/rhinojewel.com\/wp-content\/uploads\/2023\/03\/01en_1920r-copia4-768x680.jpg 768w, https:\/\/rhinojewel.com\/wp-content\/uploads\/2023\/03\/01en_1920r-copia4-1536x1360.jpg 1536w\" sizes=\"(max-width: 1920px) 100vw, 1920px\" \/>\t\t\t\t\t\t\n\t\t\t\t\t<\/div>\n\t\t\t\t\t\t\t\t\n<style>\n#image_1831132333 {\n  width: 100%;\n}\n<\/style>\n\t<\/div>\n\t\n\n\n\t\t<\/div>\n\t\t\t\t\t<\/div>\n\n\t\n\n\t<div id=\"col-41673216\" class=\"col medium-6 small-12 large-6\"  >\n\t\t\t\t<div class=\"col-inner text-left\"  >\n\t\t\t\n\t\t\t\n\n<h2 class=\"uppercase\">CARACTER\u00cdSTICAS DESTACADAS<\/h2>\n<p>Descubra las caracter\u00edsticas \u00fanicas de Rhinojewel, el software de dise\u00f1o de joyas basado en Rhino. Desarrollado por experimentados profesionales de la joyer\u00eda y con la colaboraci\u00f3n de algunas de las principales casas de joyer\u00eda del mundo, nuestra amplia lista de herramientas espec\u00edficas para joyer\u00eda se ha creado cuidadosamente para simplificar su flujo de trabajo sin comprometer la libertad creativa absoluta. Explore los v\u00eddeos de demostraci\u00f3n de algunas de las muchas herramientas disponibles en Rhinojewel.<\/p>\n<a href=\"https:\/\/rhinojewel.com\/es\/features\/\" target=\"_self\" class=\"button primary is-small box-shadow-5-hover lowercase\"  style=\"border-radius:10px;\">\n    <span>M\u00e1s informaci\u00f3n<\/span>\n  <i class=\"icon-angle-right\" aria-hidden=\"true\" ><\/i><\/a>\n\n\n\n\t\t<\/div>\n\t\t\t\t\t<\/div>\n\n\t\n\n<\/div>\n\n\t\t<\/div>\n\n\t\t\n<style>\n#section_1724370354 {\n  padding-top: 60px;\n  padding-bottom: 60px;\n  background-color: rgb(193, 193, 193);\n}\n#section_1724370354 .section-bg-overlay {\n  background-color: rgba(255, 255, 255, 0.85);\n}\n#section_1724370354 .ux-shape-divider--top svg {\n  height: 150px;\n  --divider-top-width: 100%;\n}\n#section_1724370354 .ux-shape-divider--bottom svg {\n  height: 150px;\n  --divider-width: 100%;\n}\n<\/style>\n\t<\/section>\n\t\n\n\n\n<div class=\"message-box relative dark\" style=\"padding-top:101px;padding-bottom:101px;\"><div class=\"message-box-bg-image bg-fill fill\" ><\/div><div class=\"message-box-bg-overlay bg-fill fill\" style=\"background-color:rgba(44, 49, 50, 0.674);\"><\/div><div class=\"container relative\"><div class=\"inner last-reset\">\n\n<div class=\"row align-middle align-center\"  id=\"row-2072355160\">\n\n\n\t<div id=\"col-1463670236\" class=\"col medium-12 small-12 large-8\"  >\n\t\t\t\t<div class=\"col-inner text-center\"  >\n\t\t\t\n\t\t\t\n\n\t<div id=\"text-627107248\" class=\"text\">\n\t\t\n\n<h2 class=\"uppercase\">ESTAMOS AQU\u00cd PARA AYUDARTE!<\/h2>\n<p>El equipo de soporte t\u00e9cnico est\u00e1 a tu disposici\u00f3n para responder cualquier pregunta sobre el software, ya sea para brindar ayuda en la instalaci\u00f3n de Rhinojewel o para aclarar dudas sobre el uso de herramientas espec\u00edficas.<\/p>\n\t\t\n<style>\n#text-627107248 {\n  text-align: center;\n}\n<\/style>\n\t<\/div>\n\t\n\t<div id=\"gap-1203687972\" class=\"gap-element clearfix\" style=\"display:block; height:auto;\">\n\t\t\n<style>\n#gap-1203687972 {\n  padding-top: 30px;\n}\n<\/style>\n\t<\/div>\n\t\n\n<a href=\"https:\/\/rhinojewel.com\/es\/contact\/\" target=\"_self\" class=\"button primary box-shadow-5-hover lowercase\"  style=\"border-radius:14px;\">\n    <span>Cont\u00e1ctanos<\/span>\n  <i class=\"icon-angle-right\" aria-hidden=\"true\" ><\/i><\/a>\n\n\n\n\t\t<\/div>\n\t\t\t\t\n<style>\n#col-1463670236 > .col-inner {\n  margin: 0px 0px 0px 0px;\n}\n<\/style>\n\t<\/div>\n\n\t\n\n<\/div>\n\n<\/div><\/div><\/div>","protected":false},"excerpt":{"rendered":"","protected":false},"author":1,"featured_media":40,"parent":0,"menu_order":1,"comment_status":"closed","ping_status":"closed","template":"page-blank.php","meta":[],"_links":{"self":[{"href":"https:\/\/rhinojewel.com\/es\/wp-json\/wp\/v2\/pages\/78"}],"collection":[{"href":"https:\/\/rhinojewel.com\/es\/wp-json\/wp\/v2\/pages"}],"about":[{"href":"https:\/\/rhinojewel.com\/es\/wp-json\/wp\/v2\/types\/page"}],"author":[{"embeddable":true,"href":"https:\/\/rhinojewel.com\/es\/wp-json\/wp\/v2\/users\/1"}],"replies":[{"embeddable":true,"href":"https:\/\/rhinojewel.com\/es\/wp-json\/wp\/v2\/comments?post=78"}],"version-history":[{"count":92,"href":"https:\/\/rhinojewel.com\/es\/wp-json\/wp\/v2\/pages\/78\/revisions"}],"predecessor-version":[{"id":2067,"href":"https:\/\/rhinojewel.com\/es\/wp-json\/wp\/v2\/pages\/78\/revisions\/2067"}],"wp:featuredmedia":[{"embeddable":true,"href":"https:\/\/rhinojewel.com\/es\/wp-json\/wp\/v2\/media\/40"}],"wp:attachment":[{"href":"https:\/\/rhinojewel.com\/es\/wp-json\/wp\/v2\/media?parent=78"}],"curies":[{"name":"wp","href":"https:\/\/api.w.org\/{rel}","templated":true}]}}